{"id":2131,"date":"2026-02-11T02:22:12","date_gmt":"2026-02-11T02:22:12","guid":{"rendered":"https:\/\/tradegoai.app\/?page_id=2131"},"modified":"2026-04-08T06:04:37","modified_gmt":"2026-04-08T06:04:37","slug":"security-trust","status":"publish","type":"page","link":"https:\/\/tradegoai.app\/de\/security-trust\/","title":{"rendered":"Sicherheit und Vertrauen"},"content":{"rendered":"<p data-start=\"1233\" data-end=\"1515\">\n<p data-start=\"1233\" data-end=\"1515\"><strong>TradeGoAI<\/strong> (\u201cwir\u201d, \u201cunser\u201d oder \u201cuns\u201d) verpflichtet sich, die Vertraulichkeit, Integrit\u00e4t und Verf\u00fcgbarkeit von Kundendaten zu sch\u00fctzen. Diese Sicherheitsseite umrei\u00dft unsere Sicherheitspraktiken, Kontrollen und organisatorischen Ma\u00dfnahmen zum Schutz der \u00fcber unsere Plattform verarbeiteten Informationen.<\/p>\n<hr data-start=\"1517\" data-end=\"1520\" \/>\n<h2 data-start=\"1522\" data-end=\"1551\">1. Unser Engagement f\u00fcr die Sicherheit<\/h2>\n<p data-start=\"1553\" data-end=\"1731\">TradeGoAI ist eine KI-gest\u00fctzte SaaS-Plattform, die f\u00fcr den internationalen Handel und B2B-Profis entwickelt wurde. Wir wissen, dass Datensicherheit und Datenschutz entscheidend f\u00fcr das Vertrauen unserer Kunden sind.<\/p>\n<p data-start=\"1733\" data-end=\"1921\">Wir unterhalten administrative, technische und organisatorische Sicherheitsvorkehrungen, die den besten Praktiken der Branche entsprechen, um Kundendaten vor unbefugtem Zugriff, Verlust, Missbrauch oder Offenlegung zu sch\u00fctzen.<\/p>\n<hr data-start=\"1923\" data-end=\"1926\" \/>\n<h2 data-start=\"1928\" data-end=\"1967\">2. Sicherheit von Infrastruktur und Hosting<\/h2>\n<ul data-start=\"1969\" data-end=\"2212\">\n<li data-start=\"1969\" data-end=\"2072\">\n<p data-start=\"1971\" data-end=\"2072\">TradeGoAI wird bei sicheren Cloud-Infrastrukturanbietern mit branchenweit anerkannten Zertifizierungen gehostet.<\/p>\n<\/li>\n<li data-start=\"2073\" data-end=\"2164\">\n<p data-start=\"2075\" data-end=\"2164\">Die Produktionssysteme sind durch Firewalls, Netzwerksegmentierung und Zugangskontrollen gesch\u00fctzt.<\/p>\n<\/li>\n<li data-start=\"2165\" data-end=\"2212\">\n<p data-start=\"2167\" data-end=\"2212\">Die Daten werden logisch zwischen den Kunden isoliert.<\/p>\n<\/li>\n<\/ul>\n<hr data-start=\"2214\" data-end=\"2217\" \/>\n<h2 data-start=\"2219\" data-end=\"2239\">3. Zugangskontrolle<\/h2>\n<ul data-start=\"2241\" data-end=\"2528\">\n<li data-start=\"2241\" data-end=\"2315\">\n<p data-start=\"2243\" data-end=\"2315\">Der Zugang zu den Produktionssystemen ist nur f\u00fcr befugtes Personal m\u00f6glich.<\/p>\n<\/li>\n<li data-start=\"2316\" data-end=\"2363\">\n<p data-start=\"2318\" data-end=\"2363\">Die rollenbasierte Zugriffskontrolle (RBAC) wird durchgesetzt.<\/p>\n<\/li>\n<li data-start=\"2364\" data-end=\"2428\">\n<p data-start=\"2366\" data-end=\"2428\">Wo unterst\u00fctzt, ist eine Multi-Faktor-Authentifizierung (MFA) erforderlich.<\/p>\n<\/li>\n<li data-start=\"2429\" data-end=\"2528\">\n<p data-start=\"2431\" data-end=\"2528\">Die Zugriffsrechte werden in regelm\u00e4\u00dfigen Abst\u00e4nden \u00fcberpr\u00fcft und bei Rollenwechsel oder Beendigung sofort entzogen.<\/p>\n<\/li>\n<\/ul>\n<hr data-start=\"2530\" data-end=\"2533\" \/>\n<h2 data-start=\"2535\" data-end=\"2556\">4. Datenverschl\u00fcsselung<\/h2>\n<ul data-start=\"2558\" data-end=\"2794\">\n<li data-start=\"2558\" data-end=\"2611\">\n<p data-start=\"2560\" data-end=\"2611\">Daten sind verschl\u00fcsselt <strong data-start=\"2578\" data-end=\"2592\">auf dem Transportweg<\/strong> mit TLS (HTTPS).<\/p>\n<\/li>\n<li data-start=\"2612\" data-end=\"2717\">\n<p data-start=\"2614\" data-end=\"2717\">Sensible Daten werden verschl\u00fcsselt <strong data-start=\"2642\" data-end=\"2653\">im Ruhezustand<\/strong> gegebenenfalls unter Verwendung branchen\u00fcblicher Verschl\u00fcsselungsalgorithmen.<\/p>\n<\/li>\n<li data-start=\"2718\" data-end=\"2794\">\n<p data-start=\"2720\" data-end=\"2794\">Berechtigungsnachweise und Geheimnisse werden sicher gespeichert und niemals im Klartext protokolliert.<\/p>\n<\/li>\n<\/ul>\n<hr data-start=\"2796\" data-end=\"2799\" \/>\n<h2 data-start=\"2801\" data-end=\"2832\">5. Datenschutz und Privatsph\u00e4re<\/h2>\n<ul data-start=\"2834\" data-end=\"3089\">\n<li data-start=\"2834\" data-end=\"2954\">\n<p data-start=\"2836\" data-end=\"2954\">TradeGoAI verarbeitet personenbezogene Daten in \u00dcbereinstimmung mit den geltenden Datenschutzgesetzen, einschlie\u00dflich GDPR, sofern anwendbar.<\/p>\n<\/li>\n<li data-start=\"2955\" data-end=\"3023\">\n<p data-start=\"2957\" data-end=\"3023\">Wir sammeln nur das Minimum an Daten, das f\u00fcr die Bereitstellung des Dienstes erforderlich ist.<\/p>\n<\/li>\n<li data-start=\"3024\" data-end=\"3089\">\n<p data-start=\"3026\" data-end=\"3089\">Kundendaten werden niemals zu Werbezwecken verkauft oder weitergegeben.<\/p>\n<\/li>\n<\/ul>\n<p data-start=\"3091\" data-end=\"3141\">Einzelheiten entnehmen Sie bitte unserem <strong data-start=\"3122\" data-end=\"3140\">Datenschutzbestimmungen<\/strong>.<\/p>\n<hr data-start=\"3143\" data-end=\"3146\" \/>\n<h2 data-start=\"3148\" data-end=\"3179\">6. Aufbewahrung und L\u00f6schung von Daten<\/h2>\n<ul data-start=\"3181\" data-end=\"3493\">\n<li data-start=\"3181\" data-end=\"3290\">\n<p data-start=\"3183\" data-end=\"3290\">Personenbezogene Daten werden nur so lange aufbewahrt, wie dies zur Erf\u00fcllung vertraglicher, gesetzlicher oder betrieblicher Zwecke erforderlich ist.<\/p>\n<\/li>\n<li data-start=\"3291\" data-end=\"3370\">\n<p data-start=\"3293\" data-end=\"3370\">Nutzer k\u00f6nnen die L\u00f6schung ihrer Daten beantragen, indem sie sich an folgende Stelle wenden <a class=\"decorated-link cursor-pointer\" rel=\"noopener\" data-start=\"3348\" data-end=\"3369\">support@tradegoai.app<\/a>.<\/p>\n<\/li>\n<li data-start=\"3371\" data-end=\"3493\">\n<p data-start=\"3373\" data-end=\"3493\">Bei Beendigung des Kontos werden die Daten innerhalb eines angemessenen Zeitraums gel\u00f6scht oder anonymisiert, es sei denn, dies ist gesetzlich vorgeschrieben.<\/p>\n<\/li>\n<\/ul>\n<hr data-start=\"3495\" data-end=\"3498\" \/>\n<h2 data-start=\"3500\" data-end=\"3523\">7. Reaktion auf Vorf\u00e4lle<\/h2>\n<p data-start=\"3525\" data-end=\"3621\">Wir unterhalten ein Verfahren zur Reaktion auf Zwischenf\u00e4lle, um Sicherheitsvorf\u00e4lle zu erkennen, darauf zu reagieren und sie abzuschw\u00e4chen.<\/p>\n<p data-start=\"3623\" data-end=\"3663\">Im Falle einer best\u00e4tigten Datenschutzverletzung:<\/p>\n<ul data-start=\"3664\" data-end=\"3819\">\n<li data-start=\"3664\" data-end=\"3695\">\n<p data-start=\"3666\" data-end=\"3695\">Wir werden das umgehend untersuchen.<\/p>\n<\/li>\n<li data-start=\"3696\" data-end=\"3772\">\n<p data-start=\"3698\" data-end=\"3772\">Betroffene Nutzer werden unverz\u00fcglich benachrichtigt, wenn dies gesetzlich vorgeschrieben ist.<\/p>\n<\/li>\n<li data-start=\"3773\" data-end=\"3819\">\n<p data-start=\"3775\" data-end=\"3819\">Es werden geeignete Abhilfema\u00dfnahmen ergriffen.<\/p>\n<\/li>\n<\/ul>\n<hr data-start=\"3821\" data-end=\"3824\" \/>\n<h2 data-start=\"3826\" data-end=\"3871\">8. Gesch\u00e4ftskontinuit\u00e4t und Wiederherstellung im Katastrophenfall<\/h2>\n<ul data-start=\"3873\" data-end=\"4102\">\n<li data-start=\"3873\" data-end=\"3933\">\n<p data-start=\"3875\" data-end=\"3933\">Um die Verf\u00fcgbarkeit der Daten zu gew\u00e4hrleisten, werden regelm\u00e4\u00dfig Backups durchgef\u00fchrt.<\/p>\n<\/li>\n<li data-start=\"3934\" data-end=\"3988\">\n<p data-start=\"3936\" data-end=\"3988\">Backups werden sicher aufbewahrt und regelm\u00e4\u00dfig getestet.<\/p>\n<\/li>\n<li data-start=\"3989\" data-end=\"4102\">\n<p data-start=\"3991\" data-end=\"4102\">Wir verf\u00fcgen \u00fcber Verfahren zur Wiederherstellung des Betriebs im Falle von Systemausf\u00e4llen oder St\u00f6rungen.<\/p>\n<\/li>\n<\/ul>\n<hr data-start=\"4104\" data-end=\"4107\" \/>\n<h2 data-start=\"4109\" data-end=\"4148\">9. Verwaltung von Anbietern und Unterauftragsverarbeitern<\/h2>\n<ul data-start=\"4150\" data-end=\"4388\">\n<li data-start=\"4150\" data-end=\"4200\">\n<p data-start=\"4152\" data-end=\"4200\">Wir arbeiten nur mit seri\u00f6sen Drittanbietern zusammen.<\/p>\n<\/li>\n<li data-start=\"4201\" data-end=\"4310\">\n<p data-start=\"4203\" data-end=\"4310\">Anbieter, die Zugang zu Kundendaten haben, sind vertraglich verpflichtet, angemessene Sicherheitsma\u00dfnahmen zu ergreifen.<\/p>\n<\/li>\n<li data-start=\"4311\" data-end=\"4388\">\n<p data-start=\"4313\" data-end=\"4388\">Eine Liste der Unterauftragsverarbeiter ist auf Anfrage erh\u00e4ltlich oder wird separat ver\u00f6ffentlicht.<\/p>\n<\/li>\n<\/ul>\n<hr data-start=\"4390\" data-end=\"4393\" \/>\n<h2 data-start=\"4395\" data-end=\"4430\">10. Sicherheit und Schulung der Mitarbeiter<\/h2>\n<ul data-start=\"4432\" data-end=\"4667\">\n<li data-start=\"4432\" data-end=\"4521\">\n<p data-start=\"4434\" data-end=\"4521\">Alle Teammitglieder sind verpflichtet, die internen Sicherheits- und Vertraulichkeitsrichtlinien zu befolgen.<\/p>\n<\/li>\n<li data-start=\"4522\" data-end=\"4586\">\n<p data-start=\"4524\" data-end=\"4586\">Der Zugang zu sensiblen Systemen wird auf der Grundlage der beruflichen Notwendigkeit gew\u00e4hrt.<\/p>\n<\/li>\n<li data-start=\"4587\" data-end=\"4667\">\n<p data-start=\"4589\" data-end=\"4667\">Das Sicherheitsbewusstsein wird als Teil der Einarbeitung und des laufenden Betriebs hervorgehoben.<\/p>\n<\/li>\n<\/ul>\n<hr data-start=\"4669\" data-end=\"4672\" \/>\n<h2 data-start=\"4674\" data-end=\"4691\">11. Einhaltung der Vorschriften<\/h2>\n<p data-start=\"4693\" data-end=\"4796\">TradeGoAI richtet seine Sicherheitspraktiken an allgemein anerkannten Rahmenwerken und Vorschriften aus, darunter:<\/p>\n<ul data-start=\"4798\" data-end=\"4898\">\n<li data-start=\"4798\" data-end=\"4841\">\n<p data-start=\"4800\" data-end=\"4841\">Allgemeine Datenschutzverordnung (GDPR)<\/p>\n<\/li>\n<li data-start=\"4842\" data-end=\"4898\">\n<p data-start=\"4844\" data-end=\"4898\">Branchen\u00fcbliche Sicherheitskontrollen f\u00fcr SaaS-Plattformen<\/p>\n<\/li>\n<\/ul>\n<p data-start=\"4900\" data-end=\"4976\">Formale Zertifizierungen (z. B. SOC 2) k\u00f6nnen im Zuge der Skalierung der Plattform angestrebt werden.<\/p>\n<hr data-start=\"4978\" data-end=\"4981\" \/>\n<h2 data-start=\"4983\" data-end=\"5012\">12. Verantwortungsvolle Offenlegung<\/h2>\n<p data-start=\"5014\" data-end=\"5116\">Wenn Sie glauben, eine Sicherheitsl\u00fccke entdeckt zu haben, melden Sie diese bitte verantwortungsbewusst per E-Mail:<\/p>\n<p data-start=\"5118\" data-end=\"5176\">\ud83d\udce7 <strong data-start=\"5121\" data-end=\"5147\"><a class=\"decorated-link cursor-pointer\" rel=\"noopener\" data-start=\"5123\" data-end=\"5145\">security@tradegoai.app<\/a><\/strong><br data-start=\"5147\" data-end=\"5150\" \/>(oder <a class=\"decorated-link cursor-pointer\" rel=\"noopener\" data-start=\"5154\" data-end=\"5175\">support@tradegoai.app<\/a>)<\/p>\n<p data-start=\"5178\" data-end=\"5245\">Wir freuen uns \u00fcber eine verantwortungsbewusste Offenlegung und werden umgehend Nachforschungen anstellen.<\/p>\n<hr data-start=\"5247\" data-end=\"5250\" \/>\n<h2 data-start=\"5252\" data-end=\"5279\">13. Aktualisierungen auf dieser Seite<\/h2>\n<p data-start=\"5281\" data-end=\"5432\">Wir k\u00f6nnen diese Sicherheitsseite von Zeit zu Zeit aktualisieren, um \u00c4nderungen unserer Praktiken oder der gesetzlichen Anforderungen zu ber\u00fccksichtigen. Die Aktualisierungen werden auf dieser Seite ver\u00f6ffentlicht.<\/p>\n<hr data-start=\"5434\" data-end=\"5437\" \/>\n<h2 data-start=\"5439\" data-end=\"5449\">Kontakt<\/h2>\n<p data-start=\"5451\" data-end=\"5498\">Bei sicherheitsrelevanten Fragen wenden Sie sich bitte an:<\/p>\n<p data-start=\"5500\" data-end=\"5556\"><strong data-start=\"5500\" data-end=\"5527\">TradeGoAI Sicherheitsteam<\/strong><br data-start=\"5527\" data-end=\"5530\" \/>\ud83d\udce7 <a class=\"decorated-link cursor-pointer\" rel=\"noopener\" data-start=\"5533\" data-end=\"5554\">support@tradegoai.app<\/a><\/p>\n<p data-start=\"5558\" data-end=\"5622\">Betrieben von <strong data-start=\"5570\" data-end=\"5584\">POPHAW LLC<\/strong><br data-start=\"5584\" data-end=\"5587\" \/>Wilmington, Delaware, Vereinigte Staaten<\/p>\n<p data-start=\"5558\" data-end=\"5622\">","protected":false},"excerpt":{"rendered":"<p>TradeGoAI (\u201cwe\u201d, \u201cour\u201d, or \u201cus\u201d) is committed to protecting the confidentiality, integrity, and availability of customer data. This Security page outlines our security practices, controls, and organizational measures designed to safeguard information processed through our platform. 1. Our [&hellip;]<\/p>\n","protected":false},"author":2,"featured_media":0,"parent":0,"menu_order":0,"comment_status":"closed","ping_status":"closed","template":"","meta":{"_uag_custom_page_level_css":"","site-sidebar-layout":"default","site-content-layout":"","ast-site-content-layout":"default","site-content-style":"default","site-sidebar-style":"default","ast-global-header-display":"","ast-banner-title-visibility":"","ast-main-header-display":"","ast-hfb-above-header-display":"","ast-hfb-below-header-display":"","ast-hfb-mobile-header-display":"","site-post-title":"","ast-breadcrumbs-content":"","ast-featured-img":"","footer-sml-layout":"","ast-disable-related-posts":"","theme-transparent-header-meta":"default","adv-header-id-meta":"","stick-header-meta":"default","header-above-stick-meta":"","header-main-stick-meta":"","header-below-stick-meta":"","astra-migrate-meta-layouts":"set","ast-page-background-enabled":"default","ast-page-background-meta":{"desktop":{"background-color":"var(--ast-global-color-4)","background-image":"","background-repeat":"repeat","background-position":"center center","background-size":"auto","background-attachment":"scroll","background-type":"","background-media":"","overlay-type":"","overlay-color":"","overlay-opacity":"","overlay-gradient":""},"tablet":{"background-color":"","background-image":"","background-repeat":"repeat","background-position":"center center","background-size":"auto","background-attachment":"scroll","background-type":"","background-media":"","overlay-type":"","overlay-color":"","overlay-opacity":"","overlay-gradient":""},"mobile":{"background-color":"","background-image":"","background-repeat":"repeat","background-position":"center center","background-size":"auto","background-attachment":"scroll","background-type":"","background-media":"","overlay-type":"","overlay-color":"","overlay-opacity":"","overlay-gradient":""}},"ast-content-background-meta":{"desktop":{"background-color":"var(--ast-global-color-5)","background-image":"","background-repeat":"repeat","background-position":"center center","background-size":"auto","background-attachment":"scroll","background-type":"","background-media":"","overlay-type":"","overlay-color":"","overlay-opacity":"","overlay-gradient":""},"tablet":{"background-color":"var(--ast-global-color-5)","background-image":"","background-repeat":"repeat","background-position":"center center","background-size":"auto","background-attachment":"scroll","background-type":"","background-media":"","overlay-type":"","overlay-color":"","overlay-opacity":"","overlay-gradient":""},"mobile":{"background-color":"var(--ast-global-color-5)","background-image":"","background-repeat":"repeat","background-position":"center center","background-size":"auto","background-attachment":"scroll","background-type":"","background-media":"","overlay-type":"","overlay-color":"","overlay-opacity":"","overlay-gradient":""}},"spectra_gs_classes":"[\"\"]","footnotes":""},"class_list":["post-2131","page","type-page","status-publish","hentry"],"spectra_custom_meta":{"_edit_lock":["1775628305:2"],"_edit_last":["2"],"site-sidebar-layout":["default"],"ast-site-content-layout":["default"],"site-content-style":["default"],"site-sidebar-style":["default"],"theme-transparent-header-meta":["default"],"stick-header-meta":["default"],"astra-migrate-meta-layouts":["set"],"spectra_gs_classes":["[\"\"]"],"wp_statistics_words_count":["536"],"_uag_page_assets":["a:9:{s:3:\"css\";s:4963:\".uag-blocks-common-selector{z-index:var(--z-index-desktop) !important}@media (max-width: 976px){.uag-blocks-common-selector{z-index:var(--z-index-tablet) !important}}@media (max-width: 767px){.uag-blocks-common-selector{z-index:var(--z-index-mobile) !important}}\n.uagb-icon-list__wrap{display:flex;align-items:flex-start;justify-content:flex-start}.wp-block-uagb-icon-list-child{padding:0;transition:all 0.2s;display:inline-flex;color:#3a3a3a;align-items:center;text-decoration:none;box-shadow:none}.wp-block-uagb-icon-list-child span.uagb-icon-list__source-wrap{display:block;align-items:center}.uagb-icon-list__source-wrap svg{display:block}.uagb-icon-list__source-image{width:40px}.uagb-icon-list__outer-wrap .uagb-icon-list__content-wrap{color:#3a3a3a;display:flex;align-items:center}\n.wp-block-uagb-icon-list-child{position:relative}.wp-block-uagb-icon-list-child>a{position:absolute;top:0;left:0;width:100%;height:100%}img.uagb-icon-list__source-image{max-width:unset}.wp-block-uagb-icon-list-child .uagb-icon-list__label{word-break:break-word}\n.wp-block-uagb-icon-list.uagb-block-b5768981 .uagb-icon-list__source-image{width: 16px;}.wp-block-uagb-icon-list.uagb-block-b5768981 .wp-block-uagb-icon-list-child .uagb-icon-list__source-wrap svg{width: 16px;height: 16px;font-size: 16px;}.wp-block-uagb-icon-list.uagb-block-b5768981 .wp-block-uagb-icon-list-child .uagb-icon-list__source-wrap{padding: 0px;border-radius: 0px;border-width: 0px;align-self: center;}.wp-block-uagb-icon-list.uagb-block-b5768981 .wp-block-uagb-icon-list-child .uagb-icon-list__label{text-decoration: !important;font-weight: 600;line-height: em;}.wp-block-uagb-icon-list.uagb-block-b5768981 .uagb-icon-list__wrap{display: flex;flex-direction: column;justify-content: center;-webkit-box-pack: center;-ms-flex-pack: center;-webkit-box-align: flex-start;-ms-flex-align: flex-start;align-items: flex-start;margin-top: 30px;margin-right: 0px;margin-bottom: 0px;margin-left: 0px;padding-top: 0px;padding-right: 0px;padding-bottom: 0px;padding-left: 0px;}.wp-block-uagb-icon-list.uagb-block-b5768981 .uagb-icon-list__label{text-align: left;}.wp-block-uagb-icon-list.uagb-block-b5768981 .wp-block-uagb-icon-list-child{text-decoration: !important;font-weight: 600;line-height: em;}.wp-block-uagb-icon-list.uagb-block-b5768981.wp-block-uagb-icon-list .wp-block-uagb-icon-list-child{margin-left: 0;margin-right: 0;margin-bottom: 10px;}.wp-block-uagb-icon-list.uagb-block-b5768981 .uagb-icon-list__source-wrap{margin-right: 15px;}.uagb-block-75fa870d.wp-block-uagb-icon-list-child .uagb-icon-list__source-wrap{background:  !important;border-color:  !important;}.uagb-block-75fa870d.wp-block-uagb-icon-list-child:hover .uagb-icon-list__source-wrap{background:  !important;border-color:  !important;}.uagb-block-5bf81fd2.wp-block-uagb-icon-list-child .uagb-icon-list__source-wrap{background:  !important;border-color:  !important;}.uagb-block-5bf81fd2.wp-block-uagb-icon-list-child:hover .uagb-icon-list__source-wrap{background:  !important;border-color:  !important;}@media only screen and (max-width: 976px) {.wp-block-uagb-icon-list.uagb-block-b5768981 .uagb-icon-list__source-image{width: 16px;}.wp-block-uagb-icon-list.uagb-block-b5768981 .wp-block-uagb-icon-list-child .uagb-icon-list__source-wrap svg{width: 16px;height: 16px;font-size: 16px;}.wp-block-uagb-icon-list.uagb-block-b5768981 .wp-block-uagb-icon-list-child .uagb-icon-list__source-wrap {padding: 0px;border-width: 0px;align-self: center;}.wp-block-uagb-icon-list.uagb-block-b5768981 .uagb-icon-list__wrap{display: flex;flex-direction: column;justify-content: center;-webkit-box-pack: center;-ms-flex-pack: center;-webkit-box-align: flex-start;-ms-flex-align: flex-start;align-items: flex-start;}.wp-block-uagb-icon-list.uagb-block-b5768981 .uagb-icon-list__label{text-align: left;}.wp-block-uagb-icon-list.uagb-block-b5768981.wp-block-uagb-icon-list .wp-block-uagb-icon-list-child{margin-left: 0;margin-right: 0;margin-bottom: 10px;}}@media only screen and (max-width: 767px) {.wp-block-uagb-icon-list.uagb-block-b5768981 .uagb-icon-list__source-image{width: 16px;}.wp-block-uagb-icon-list.uagb-block-b5768981 .uagb-icon-list__label{text-align: center;}.wp-block-uagb-icon-list.uagb-block-b5768981 .wp-block-uagb-icon-list-child .uagb-icon-list__source-wrap svg{width: 16px;height: 16px;font-size: 16px;}.wp-block-uagb-icon-list.uagb-block-b5768981 .wp-block-uagb-icon-list-child .uagb-icon-list__source-wrap{padding: 0px;border-width: 0px;align-self: center;}.wp-block-uagb-icon-list.uagb-block-b5768981 .uagb-icon-list__wrap{display: flex;flex-direction: column;justify-content: center;-webkit-box-pack: center;-ms-flex-pack: center;-webkit-box-align: center;-ms-flex-align: center;align-items: center;margin-top: 0px;margin-right: 0px;margin-bottom: 0px;margin-left: 0px;}.wp-block-uagb-icon-list.uagb-block-b5768981.wp-block-uagb-icon-list .wp-block-uagb-icon-list-child{margin-left: 0;margin-right: 0;margin-bottom: 10px;}}\";s:2:\"js\";s:0:\"\";s:18:\"current_block_list\";a:10:{i:0;s:11:\"core\/search\";i:1;s:10:\"core\/group\";i:2;s:12:\"core\/heading\";i:3;s:17:\"core\/latest-posts\";i:4;s:20:\"core\/latest-comments\";i:5;s:13:\"core\/archives\";i:6;s:15:\"core\/categories\";i:7;s:14:\"uagb\/icon-list\";i:8;s:20:\"uagb\/icon-list-child\";i:9;s:14:\"core\/shortcode\";}s:8:\"uag_flag\";b:1;s:11:\"uag_version\";s:10:\"1778005011\";s:6:\"gfonts\";a:0:{}s:10:\"gfonts_url\";s:0:\"\";s:12:\"gfonts_files\";a:0:{}s:14:\"uag_faq_layout\";b:0;}"],"_uag_css_file_name":["uag-css-2131.css"]},"uagb_featured_image_src":{"full":false,"thumbnail":false,"medium":false,"medium_large":false,"large":false,"1536x1536":false,"2048x2048":false,"trp-custom-language-flag":false},"uagb_author_info":{"display_name":"xiaoxi99201","author_link":"https:\/\/tradegoai.app\/de\/author\/xiaoxi99201\/"},"uagb_comment_info":0,"uagb_excerpt":"TradeGoAI (\u201cwe\u201d, \u201cour\u201d, or \u201cus\u201d) is committed to protecting the confidentiality, integrity, and availability of customer data. This Security page outlines our security practices, controls, and organizational measures designed to safeguard information processed through our platform. 1. Our [&hellip;]","_links":{"self":[{"href":"https:\/\/tradegoai.app\/de\/wp-json\/wp\/v2\/pages\/2131","targetHints":{"allow":["GET"]}}],"collection":[{"href":"https:\/\/tradegoai.app\/de\/wp-json\/wp\/v2\/pages"}],"about":[{"href":"https:\/\/tradegoai.app\/de\/wp-json\/wp\/v2\/types\/page"}],"author":[{"embeddable":true,"href":"https:\/\/tradegoai.app\/de\/wp-json\/wp\/v2\/users\/2"}],"replies":[{"embeddable":true,"href":"https:\/\/tradegoai.app\/de\/wp-json\/wp\/v2\/comments?post=2131"}],"version-history":[{"count":1,"href":"https:\/\/tradegoai.app\/de\/wp-json\/wp\/v2\/pages\/2131\/revisions"}],"predecessor-version":[{"id":2297,"href":"https:\/\/tradegoai.app\/de\/wp-json\/wp\/v2\/pages\/2131\/revisions\/2297"}],"wp:attachment":[{"href":"https:\/\/tradegoai.app\/de\/wp-json\/wp\/v2\/media?parent=2131"}],"curies":[{"name":"wp","href":"https:\/\/api.w.org\/{rel}","templated":true}]}}