{"id":2133,"date":"2026-02-11T02:34:51","date_gmt":"2026-02-11T02:34:51","guid":{"rendered":"https:\/\/tradegoai.app\/?page_id=2133"},"modified":"2026-04-08T06:06:19","modified_gmt":"2026-04-08T06:06:19","slug":"data-processing-agreement","status":"publish","type":"page","link":"https:\/\/tradegoai.app\/de\/data-processing-agreement\/","title":{"rendered":"Vereinbarung zur Datenverarbeitung"},"content":{"rendered":"<p data-start=\"415\" data-end=\"863\">\n<p data-start=\"415\" data-end=\"863\">Diese Vereinbarung zur Datenverarbeitung (die \u201c<strong data-start=\"452\" data-end=\"459\">DPA<\/strong>\u201d) bildet einen integralen Bestandteil aller Vertr\u00e4ge zwischen dem Kunden und <strong data-start=\"528\" data-end=\"574\">POPHAW LLC, handelnd unter dem Namen \u201cTradeGo AI\u201d.\u201d<\/strong>, eine Gesellschaft mit beschr\u00e4nkter Haftung mit Sitz in Delaware <strong data-start=\"629\" data-end=\"709\">1007 N Orange St., Suite 937, 4th Floor, Wilmington, DE 19801, Vereinigte Staaten<\/strong> (\u201c<strong data-start=\"712\" data-end=\"725\">Prozessor<\/strong>\u201d, \u201c<strong data-start=\"729\" data-end=\"743\">TradeGo AI<\/strong>\u201d, \u201c<strong data-start=\"747\" data-end=\"753\">wir<\/strong>\u201d, oder \u201c<strong data-start=\"760\" data-end=\"766\">us<\/strong>\u201d), und der im jeweiligen Vertrag genannte Kunde (\u201c<strong data-start=\"828\" data-end=\"840\">Kunde<\/strong>\u201d oder \u201c<strong data-start=\"846\" data-end=\"860\">Controller<\/strong>\u201d).<\/p>\n<p data-start=\"865\" data-end=\"1138\">Diese DPA erg\u00e4nzt den Rahmenvertrag, die Allgemeinen Gesch\u00e4ftsbedingungen oder andere zwischen den Parteien abgeschlossene Dienstleistungsvereinbarungen (zusammenfassend als die \u201c<strong data-start=\"1042\" data-end=\"1055\">Vereinbarung<\/strong>\u201d) und legt die Vereinbarung der Parteien \u00fcber die Verarbeitung personenbezogener Daten fest.<\/p>\n<p data-start=\"1140\" data-end=\"1331\">Bei der Erbringung der Dienstleistungen im Rahmen der Vereinbarung kann der Auftragsverarbeiter personenbezogene Daten im Namen des Kunden verarbeiten. Die Parteien verpflichten sich zur Einhaltung der in dieser DPA festgelegten Bedingungen und Konditionen.<\/p>\n<p data-start=\"1333\" data-end=\"1463\">Im Falle eines Widerspruchs zwischen dieser DPA und dem Abkommen hat diese DPA in Bezug auf den darin enthaltenen Gegenstand Vorrang.<\/p>\n<p data-start=\"1465\" data-end=\"1631\">Diese DPA wird an dem Tag wirksam, an dem die Vereinbarung in Kraft tritt (\u201c<strong data-start=\"1538\" data-end=\"1556\">Datum des Inkrafttretens<\/strong>\u201d) und ersetzt alle fr\u00fcheren Datenverarbeitungsvertr\u00e4ge zwischen den Vertragsparteien.<\/p>\n<hr data-start=\"1633\" data-end=\"1636\" \/>\n<h2 data-start=\"1638\" data-end=\"1655\">1. Begriffsbestimmungen<\/h2>\n<p data-start=\"1657\" data-end=\"1755\">Begriffe in Gro\u00dfbuchstaben, die hier nicht anderweitig definiert sind, haben die in der Vereinbarung festgelegte Bedeutung.<\/p>\n<p data-start=\"1757\" data-end=\"1890\">(a) <strong data-start=\"1761\" data-end=\"1776\">\u201cPartner\u201d<\/strong> bedeutet jede Einrichtung, die eine Partei direkt oder indirekt kontrolliert, von ihr kontrolliert wird oder unter gemeinsamer Kontrolle mit ihr steht.<\/p>\n<p data-start=\"1892\" data-end=\"2040\">(b) <strong data-start=\"1896\" data-end=\"1932\">\u201cAnwendbares Datenschutzrecht\u201d<\/strong> bezeichnet alle Gesetze und Vorschriften, die f\u00fcr die Verarbeitung personenbezogener Daten gelten, einschlie\u00dflich und ohne Einschr\u00e4nkung:<\/p>\n<ul data-start=\"2041\" data-end=\"2315\">\n<li data-start=\"2041\" data-end=\"2077\">\n<p data-start=\"2043\" data-end=\"2077\">Verordnung (EU) 2016\/679 (\u201cGDPR\u201d);<\/p>\n<\/li>\n<li data-start=\"2078\" data-end=\"2124\">\n<p data-start=\"2080\" data-end=\"2124\">GDPR im Vereinigten K\u00f6nigreich und der UK Data Protection Act 2018;<\/p>\n<\/li>\n<li data-start=\"2125\" data-end=\"2164\">\n<p data-start=\"2127\" data-end=\"2164\">Schweizerisches Bundesgesetz \u00fcber den Datenschutz;<\/p>\n<\/li>\n<li data-start=\"2165\" data-end=\"2260\">\n<p data-start=\"2167\" data-end=\"2260\">California Consumer Privacy Act und California Privacy Rights Act (\u201cCalifornia Privacy Law\u201d);<\/p>\n<\/li>\n<li data-start=\"2261\" data-end=\"2315\">\n<p data-start=\"2263\" data-end=\"2315\">jedes andere anwendbare Gesetz zum Schutz der Privatsph\u00e4re oder des Datenschutzes.<\/p>\n<\/li>\n<\/ul>\n<p data-start=\"2317\" data-end=\"2430\">(c) <strong data-start=\"2321\" data-end=\"2347\">\u201cAutorisiertes Mitglied\u201d<\/strong> bezeichnet jedes verbundene Unternehmen des Kunden, dem die Nutzung der Dienste im Rahmen des Vertrags gestattet ist.<\/p>\n<p data-start=\"2432\" data-end=\"2472\">(d) <strong data-start=\"2436\" data-end=\"2452\">\u201cController\u201d<\/strong> bedeutet der Kunde.<\/p>\n<p data-start=\"2474\" data-end=\"2565\">(e) <strong data-start=\"2478\" data-end=\"2499\">\u201cController-Daten\u201d<\/strong> bezeichnet personenbezogene Daten, die vom Auftragsverarbeiter im Auftrag des Kunden verarbeitet werden.<\/p>\n<p data-start=\"2567\" data-end=\"2742\">(f) <strong data-start=\"2571\" data-end=\"2588\">\u201cDatenpanne\u201d<\/strong> bezeichnet eine Verletzung der Sicherheit, die zur versehentlichen oder unrechtm\u00e4\u00dfigen Zerst\u00f6rung, zum Verlust, zur \u00c4nderung, zur unbefugten Weitergabe von oder zum Zugriff auf Daten des f\u00fcr die Verarbeitung Verantwortlichen f\u00fchrt.<\/p>\n<p data-start=\"2744\" data-end=\"2885\">(g) <strong data-start=\"2748\" data-end=\"2766\">\u201cAnweisungen\u201d<\/strong> bezeichnet die dokumentierten Anweisungen, die der Auftraggeber dem Auftragsverarbeiter zur Verf\u00fcgung stellt, auch durch die Nutzung der Dienste durch den Auftraggeber.<\/p>\n<p data-start=\"2887\" data-end=\"2990\">(h) <strong data-start=\"2891\" data-end=\"2910\">\u201cPers\u00f6nliche Daten\u201d<\/strong> sind alle Informationen, die sich auf eine bestimmte oder bestimmbare nat\u00fcrliche Person beziehen.<\/p>\n<p data-start=\"2992\" data-end=\"3108\">(i) <strong data-start=\"2996\" data-end=\"3012\">\u201cVerarbeitung\u201d<\/strong> bezeichnet jeden Vorgang, der mit personenbezogenen Daten im Sinne des geltenden Datenschutzrechts durchgef\u00fchrt wird.<\/p>\n<p data-start=\"3110\" data-end=\"3166\">(j) <strong data-start=\"3114\" data-end=\"3129\">\u201cVerarbeiter\u201d<\/strong> bedeutet POPHAW LLC (d\/b\/a TradeGo AI).<\/p>\n<p data-start=\"3168\" data-end=\"3248\">(k) <strong data-start=\"3172\" data-end=\"3186\">\u201cDienstleistungen\u201d<\/strong> bezeichnet die Produkte und Dienstleistungen, die im Rahmen des Abkommens bereitgestellt werden.<\/p>\n<p data-start=\"3250\" data-end=\"3344\">(l) <strong data-start=\"3254\" data-end=\"3273\">\u201cSub-Prozessor\u201d<\/strong> bezeichnet jeden Dritten, den der Auftragsverarbeiter mit der Verarbeitung von Daten des Verantwortlichen beauftragt.<\/p>\n<hr data-start=\"3346\" data-end=\"3349\" \/>\n<h2 data-start=\"3351\" data-end=\"3378\">2. Zweck der Verarbeitung<\/h2>\n<p data-start=\"3380\" data-end=\"3534\">2.1 Der Auftragsverarbeiter verarbeitet die Daten des f\u00fcr die Verarbeitung Verantwortlichen ausschlie\u00dflich zum Zweck der Erbringung der Dienstleistungen in \u00dcbereinstimmung mit dem Vertrag und den Anweisungen des Kunden.<\/p>\n<p data-start=\"3536\" data-end=\"3659\">2.2 Der Umfang, die Art, der Zweck und die Dauer der Verarbeitung werden im Folgenden beschrieben <strong data-start=\"3620\" data-end=\"3658\">Anhang 1 (Einzelheiten der Verarbeitung)<\/strong>.<\/p>\n<hr data-start=\"3661\" data-end=\"3664\" \/>\n<h2 data-start=\"3666\" data-end=\"3698\">3. Rollen und Verantwortlichkeiten<\/h2>\n<p data-start=\"3700\" data-end=\"3728\">3.1 <strong data-start=\"3704\" data-end=\"3728\">Die Rollen der Parteien<\/strong><\/p>\n<ul data-start=\"3730\" data-end=\"3918\">\n<li data-start=\"3730\" data-end=\"3844\">\n<p data-start=\"3732\" data-end=\"3844\">Gem\u00e4\u00df GDPR, UK GDPR und Schweizer Recht fungiert der Kunde als <strong data-start=\"3789\" data-end=\"3803\">Controller<\/strong> und Processor fungiert als <strong data-start=\"3830\" data-end=\"3843\">Prozessor<\/strong>.<\/p>\n<\/li>\n<li data-start=\"3845\" data-end=\"3918\">\n<p data-start=\"3847\" data-end=\"3918\">Nach dem kalifornischen Datenschutzgesetz handelt der Auftragsverarbeiter als <strong data-start=\"3897\" data-end=\"3917\">Dienstanbieter<\/strong>.<\/p>\n<\/li>\n<\/ul>\n<p data-start=\"3920\" data-end=\"3949\">3.2 <strong data-start=\"3924\" data-end=\"3949\">Anweisungen f\u00fcr Kunden<\/strong><\/p>\n<p data-start=\"3951\" data-end=\"4126\">Der Kunde sichert zu und gew\u00e4hrleistet, dass er alle erforderlichen Rechte, Zustimmungen und Rechtsgrundlagen erhalten hat, um personenbezogene Daten zu verarbeiten und den Auftragsverarbeiter anzuweisen, diese Daten zu verarbeiten.<\/p>\n<p data-start=\"4128\" data-end=\"4154\">3.3 <strong data-start=\"4132\" data-end=\"4154\">Zweck Einschr\u00e4nkung<\/strong><\/p>\n<p data-start=\"4156\" data-end=\"4271\">Der Auftragsverarbeiter darf die Daten des Verantwortlichen nur gem\u00e4\u00df den Anweisungen des Kunden und f\u00fcr zul\u00e4ssige Zwecke verarbeiten.<\/p>\n<p data-start=\"4273\" data-end=\"4302\">3.4 <strong data-start=\"4277\" data-end=\"4302\">Ersuchen der betroffenen Person<\/strong><\/p>\n<p data-start=\"4304\" data-end=\"4450\">Der Auftraggeber ist f\u00fcr die Beantwortung von Anfragen der betroffenen Personen verantwortlich. Der Auftragsverarbeiter leistet kommerziell angemessene Unterst\u00fctzung, wenn dies gesetzlich vorgeschrieben ist.<\/p>\n<hr data-start=\"4452\" data-end=\"4455\" \/>\n<h2 data-start=\"4457\" data-end=\"4484\">4. Verpflichtungen des Verarbeiters<\/h2>\n<p data-start=\"4486\" data-end=\"4629\">4.1 <strong data-start=\"4490\" data-end=\"4509\">Vertraulichkeit<\/strong><br data-start=\"4509\" data-end=\"4512\" \/>Der Auftragsverarbeiter stellt sicher, dass die zur Verarbeitung der Daten des Verantwortlichen befugten Personen zur Vertraulichkeit verpflichtet sind.<\/p>\n<p data-start=\"4631\" data-end=\"4751\">4.2 <strong data-start=\"4635\" data-end=\"4649\">Offenlegung<\/strong><br data-start=\"4649\" data-end=\"4652\" \/>Der Auftragsverarbeiter darf die Daten des f\u00fcr die Verarbeitung Verantwortlichen nur dann weitergeben, wenn dies gesetzlich vorgeschrieben oder nach dieser Datenschutzrichtlinie zul\u00e4ssig ist.<\/p>\n<p data-start=\"4753\" data-end=\"4930\">4.3 <strong data-start=\"4757\" data-end=\"4783\">Aufbewahrung und L\u00f6schung<\/strong><br data-start=\"4783\" data-end=\"4786\" \/>Bei Beendigung der Vereinbarung l\u00f6scht der Auftragsverarbeiter die Daten des f\u00fcr die Verarbeitung Verantwortlichen innerhalb von drei\u00dfig (30) Tagen oder gibt sie zur\u00fcck, sofern die Aufbewahrung nicht gesetzlich vorgeschrieben ist.<\/p>\n<p data-start=\"4932\" data-end=\"5067\">4.4 <strong data-start=\"4936\" data-end=\"4957\">Sicherheitsma\u00dfnahmen<\/strong><br data-start=\"4957\" data-end=\"4960\" \/>Der Auftragsverarbeiter ergreift geeignete technische und organisatorische Ma\u00dfnahmen, wie sie in <strong data-start=\"5052\" data-end=\"5066\">Zeitplan 2<\/strong>.<\/p>\n<hr data-start=\"5069\" data-end=\"5072\" \/>\n<h2 data-start=\"5074\" data-end=\"5091\">5. Datenpanne<\/h2>\n<p data-start=\"5093\" data-end=\"5214\">5.1 Der Auftragsverarbeiter benachrichtigt den Auftraggeber unverz\u00fcglich, sp\u00e4testens jedoch 72 Stunden nach Bekanntwerden einer Verletzung des Datenschutzes.<\/p>\n<p data-start=\"5216\" data-end=\"5304\">5.2 Der Auftragsverarbeiter unterst\u00fctzt den Auftraggeber bei Bedarf in angemessener Weise bei der Meldung von Verst\u00f6\u00dfen.<\/p>\n<hr data-start=\"5306\" data-end=\"5309\" \/>\n<h2 data-start=\"5311\" data-end=\"5323\">6. \u00dcberpr\u00fcfungen<\/h2>\n<p data-start=\"5325\" data-end=\"5472\">Der Auftraggeber kann die Einhaltung der Vorschriften durch den Auftragsverarbeiter einmal pro Jahr durch einen unabh\u00e4ngigen Pr\u00fcfer \u00fcberpr\u00fcfen lassen, wobei eine angemessene Vorank\u00fcndigung und Vertraulichkeitsverpflichtungen einzuhalten sind.<\/p>\n<hr data-start=\"5474\" data-end=\"5477\" \/>\n<h2 data-start=\"5479\" data-end=\"5499\">7. Unterauftragsverarbeiter<\/h2>\n<p data-start=\"5501\" data-end=\"5560\">7.1 Der Auftraggeber erm\u00e4chtigt den Auftragsverarbeiter, Unterauftragsverarbeiter zu beauftragen.<\/p>\n<p data-start=\"5562\" data-end=\"5661\">7.2 Eine aktuelle Liste der Unterauftragsverarbeiter ist auf Anfrage erh\u00e4ltlich oder wird auf der Website des Auftragsverarbeiters ver\u00f6ffentlicht.<\/p>\n<p data-start=\"5663\" data-end=\"5737\">7.3 Der Auftragsverarbeiter bleibt f\u00fcr die Handlungen und Unterlassungen der Unterauftragsverarbeiter verantwortlich.<\/p>\n<hr data-start=\"5739\" data-end=\"5742\" \/>\n<h2 data-start=\"5744\" data-end=\"5778\">8. Internationale Daten\u00fcbermittlung<\/h2>\n<p data-start=\"5780\" data-end=\"5918\">Der Auftragsverarbeiter sorgt f\u00fcr angemessene Garantien f\u00fcr eingeschr\u00e4nkte \u00dcbermittlungen, einschlie\u00dflich Standardvertragsklauseln oder anderer rechtm\u00e4\u00dfiger Mechanismen.<\/p>\n<hr data-start=\"5920\" data-end=\"5923\" \/>\n<h2 data-start=\"5925\" data-end=\"5954\">9. Begrenzung der Haftung<\/h2>\n<p data-start=\"5956\" data-end=\"6063\">Die Gesamthaftung der Vertragsparteien im Rahmen dieser DPA unterliegt den im Abkommen festgelegten Beschr\u00e4nkungen.<\/p>\n<hr data-start=\"6065\" data-end=\"6068\" \/>\n<h2 data-start=\"6070\" data-end=\"6090\">10. Sonstiges<\/h2>\n<p data-start=\"6092\" data-end=\"6172\">10.1 Diese DPA unterliegt dem in der Vereinbarung festgelegten Recht.<\/p>\n<p data-start=\"6174\" data-end=\"6275\">10.2 Diese DPA kann nach Ank\u00fcndigung aktualisiert werden, wobei die fortgesetzte Nutzung der Dienste als Zustimmung gilt.<\/p>\n<hr data-start=\"6277\" data-end=\"6280\" \/>\n<h2 data-start=\"6282\" data-end=\"6318\">Anhang 1 - Einzelheiten der Verarbeitung<\/h2>\n<p data-start=\"6320\" data-end=\"6444\"><strong data-start=\"6320\" data-end=\"6352\">Kategorien von betroffenen Personen:<\/strong><br data-start=\"6352\" data-end=\"6355\" \/>Endbenutzer, Kunden und andere Personen, deren pers\u00f6nliche Daten vom Kunden \u00fcbermittelt werden.<\/p>\n<p data-start=\"6446\" data-end=\"6569\"><strong data-start=\"6446\" data-end=\"6473\">Arten von personenbezogenen Daten:<\/strong><br data-start=\"6473\" data-end=\"6476\" \/>Kontaktinformationen, Kontodaten, Nutzungsdaten und andere Daten, die \u00fcber die Dienste \u00fcbermittelt werden.<\/p>\n<p data-start=\"6571\" data-end=\"6612\"><strong data-start=\"6571\" data-end=\"6583\">Zweck:<\/strong><br data-start=\"6583\" data-end=\"6586\" \/>Erbringung der Dienstleistungen.<\/p>\n<p data-start=\"6614\" data-end=\"6673\"><strong data-start=\"6614\" data-end=\"6627\">Dauer:<\/strong><br data-start=\"6627\" data-end=\"6630\" \/>Laufzeit des Abkommens plus L\u00f6schungsfrist.<\/p>\n<hr data-start=\"6675\" data-end=\"6678\" \/>\n<h2 data-start=\"6680\" data-end=\"6732\">Zeitplan 2 - Technische und organisatorische Ma\u00dfnahmen<\/h2>\n<p data-start=\"6734\" data-end=\"6807\">Der Auftragsverarbeiter unterh\u00e4lt angemessene Sicherheitsvorkehrungen, einschlie\u00dflich, aber nicht beschr\u00e4nkt auf:<\/p>\n<ul data-start=\"6809\" data-end=\"7015\">\n<li data-start=\"6809\" data-end=\"6846\">\n<p data-start=\"6811\" data-end=\"6846\">Verschl\u00fcsselung bei der \u00dcbertragung und im Ruhezustand<\/p>\n<\/li>\n<li data-start=\"6847\" data-end=\"6885\">\n<p data-start=\"6849\" data-end=\"6885\">Zugangskontrollen und Authentifizierung<\/p>\n<\/li>\n<li data-start=\"6886\" data-end=\"6912\">\n<p data-start=\"6888\" data-end=\"6912\">Protokollierung und \u00dcberwachung<\/p>\n<\/li>\n<li data-start=\"6913\" data-end=\"6945\">\n<p data-start=\"6915\" data-end=\"6945\">Verfahren zur Reaktion auf Vorf\u00e4lle<\/p>\n<\/li>\n<li data-start=\"6946\" data-end=\"6977\">\n<p data-start=\"6948\" data-end=\"6977\">Praktiken zur Datenminimierung<\/p>\n<\/li>\n<li data-start=\"6978\" data-end=\"7015\">\n<p data-start=\"6980\" data-end=\"7015\">Sichere Infrastruktur und Backups<\/p>\n<\/li>\n<\/ul>","protected":false},"excerpt":{"rendered":"<p>This Data Processing Agreement (the \u201cDPA\u201d) forms an integral part of all agreements between the Customer and POPHAW LLC, doing business as \u201cTradeGo AI\u201d, a Delaware limited liability company with offices at 1007 N Orange St., Suite 937, [&hellip;]<\/p>\n","protected":false},"author":2,"featured_media":0,"parent":0,"menu_order":0,"comment_status":"closed","ping_status":"closed","template":"","meta":{"_uag_custom_page_level_css":"","site-sidebar-layout":"default","site-content-layout":"","ast-site-content-layout":"default","site-content-style":"default","site-sidebar-style":"default","ast-global-header-display":"","ast-banner-title-visibility":"","ast-main-header-display":"","ast-hfb-above-header-display":"","ast-hfb-below-header-display":"","ast-hfb-mobile-header-display":"","site-post-title":"","ast-breadcrumbs-content":"","ast-featured-img":"","footer-sml-layout":"","ast-disable-related-posts":"","theme-transparent-header-meta":"default","adv-header-id-meta":"","stick-header-meta":"default","header-above-stick-meta":"","header-main-stick-meta":"","header-below-stick-meta":"","astra-migrate-meta-layouts":"set","ast-page-background-enabled":"default","ast-page-background-meta":{"desktop":{"background-color":"var(--ast-global-color-4)","background-image":"","background-repeat":"repeat","background-position":"center center","background-size":"auto","background-attachment":"scroll","background-type":"","background-media":"","overlay-type":"","overlay-color":"","overlay-opacity":"","overlay-gradient":""},"tablet":{"background-color":"","background-image":"","background-repeat":"repeat","background-position":"center center","background-size":"auto","background-attachment":"scroll","background-type":"","background-media":"","overlay-type":"","overlay-color":"","overlay-opacity":"","overlay-gradient":""},"mobile":{"background-color":"","background-image":"","background-repeat":"repeat","background-position":"center center","background-size":"auto","background-attachment":"scroll","background-type":"","background-media":"","overlay-type":"","overlay-color":"","overlay-opacity":"","overlay-gradient":""}},"ast-content-background-meta":{"desktop":{"background-color":"var(--ast-global-color-5)","background-image":"","background-repeat":"repeat","background-position":"center center","background-size":"auto","background-attachment":"scroll","background-type":"","background-media":"","overlay-type":"","overlay-color":"","overlay-opacity":"","overlay-gradient":""},"tablet":{"background-color":"var(--ast-global-color-5)","background-image":"","background-repeat":"repeat","background-position":"center center","background-size":"auto","background-attachment":"scroll","background-type":"","background-media":"","overlay-type":"","overlay-color":"","overlay-opacity":"","overlay-gradient":""},"mobile":{"background-color":"var(--ast-global-color-5)","background-image":"","background-repeat":"repeat","background-position":"center center","background-size":"auto","background-attachment":"scroll","background-type":"","background-media":"","overlay-type":"","overlay-color":"","overlay-opacity":"","overlay-gradient":""}},"spectra_gs_classes":"[\"\"]","footnotes":""},"class_list":["post-2133","page","type-page","status-publish","hentry"],"spectra_custom_meta":{"_edit_lock":["1775628396:2"],"_edit_last":["2"],"site-sidebar-layout":["default"],"ast-site-content-layout":["default"],"site-content-style":["default"],"site-sidebar-style":["default"],"theme-transparent-header-meta":["default"],"stick-header-meta":["default"],"astra-migrate-meta-layouts":["set"],"spectra_gs_classes":["[\"\"]"],"_uag_page_assets":["a:9:{s:3:\"css\";s:4963:\".uag-blocks-common-selector{z-index:var(--z-index-desktop) !important}@media (max-width: 976px){.uag-blocks-common-selector{z-index:var(--z-index-tablet) !important}}@media (max-width: 767px){.uag-blocks-common-selector{z-index:var(--z-index-mobile) !important}}\n.uagb-icon-list__wrap{display:flex;align-items:flex-start;justify-content:flex-start}.wp-block-uagb-icon-list-child{padding:0;transition:all 0.2s;display:inline-flex;color:#3a3a3a;align-items:center;text-decoration:none;box-shadow:none}.wp-block-uagb-icon-list-child span.uagb-icon-list__source-wrap{display:block;align-items:center}.uagb-icon-list__source-wrap svg{display:block}.uagb-icon-list__source-image{width:40px}.uagb-icon-list__outer-wrap .uagb-icon-list__content-wrap{color:#3a3a3a;display:flex;align-items:center}\n.wp-block-uagb-icon-list-child{position:relative}.wp-block-uagb-icon-list-child>a{position:absolute;top:0;left:0;width:100%;height:100%}img.uagb-icon-list__source-image{max-width:unset}.wp-block-uagb-icon-list-child .uagb-icon-list__label{word-break:break-word}\n.wp-block-uagb-icon-list.uagb-block-b5768981 .uagb-icon-list__source-image{width: 16px;}.wp-block-uagb-icon-list.uagb-block-b5768981 .wp-block-uagb-icon-list-child .uagb-icon-list__source-wrap svg{width: 16px;height: 16px;font-size: 16px;}.wp-block-uagb-icon-list.uagb-block-b5768981 .wp-block-uagb-icon-list-child .uagb-icon-list__source-wrap{padding: 0px;border-radius: 0px;border-width: 0px;align-self: center;}.wp-block-uagb-icon-list.uagb-block-b5768981 .wp-block-uagb-icon-list-child .uagb-icon-list__label{text-decoration: !important;font-weight: 600;line-height: em;}.wp-block-uagb-icon-list.uagb-block-b5768981 .uagb-icon-list__wrap{display: flex;flex-direction: column;justify-content: center;-webkit-box-pack: center;-ms-flex-pack: center;-webkit-box-align: flex-start;-ms-flex-align: flex-start;align-items: flex-start;margin-top: 30px;margin-right: 0px;margin-bottom: 0px;margin-left: 0px;padding-top: 0px;padding-right: 0px;padding-bottom: 0px;padding-left: 0px;}.wp-block-uagb-icon-list.uagb-block-b5768981 .uagb-icon-list__label{text-align: left;}.wp-block-uagb-icon-list.uagb-block-b5768981 .wp-block-uagb-icon-list-child{text-decoration: !important;font-weight: 600;line-height: em;}.wp-block-uagb-icon-list.uagb-block-b5768981.wp-block-uagb-icon-list .wp-block-uagb-icon-list-child{margin-left: 0;margin-right: 0;margin-bottom: 10px;}.wp-block-uagb-icon-list.uagb-block-b5768981 .uagb-icon-list__source-wrap{margin-right: 15px;}.uagb-block-75fa870d.wp-block-uagb-icon-list-child .uagb-icon-list__source-wrap{background:  !important;border-color:  !important;}.uagb-block-75fa870d.wp-block-uagb-icon-list-child:hover .uagb-icon-list__source-wrap{background:  !important;border-color:  !important;}.uagb-block-5bf81fd2.wp-block-uagb-icon-list-child .uagb-icon-list__source-wrap{background:  !important;border-color:  !important;}.uagb-block-5bf81fd2.wp-block-uagb-icon-list-child:hover .uagb-icon-list__source-wrap{background:  !important;border-color:  !important;}@media only screen and (max-width: 976px) {.wp-block-uagb-icon-list.uagb-block-b5768981 .uagb-icon-list__source-image{width: 16px;}.wp-block-uagb-icon-list.uagb-block-b5768981 .wp-block-uagb-icon-list-child .uagb-icon-list__source-wrap svg{width: 16px;height: 16px;font-size: 16px;}.wp-block-uagb-icon-list.uagb-block-b5768981 .wp-block-uagb-icon-list-child .uagb-icon-list__source-wrap {padding: 0px;border-width: 0px;align-self: center;}.wp-block-uagb-icon-list.uagb-block-b5768981 .uagb-icon-list__wrap{display: flex;flex-direction: column;justify-content: center;-webkit-box-pack: center;-ms-flex-pack: center;-webkit-box-align: flex-start;-ms-flex-align: flex-start;align-items: flex-start;}.wp-block-uagb-icon-list.uagb-block-b5768981 .uagb-icon-list__label{text-align: left;}.wp-block-uagb-icon-list.uagb-block-b5768981.wp-block-uagb-icon-list .wp-block-uagb-icon-list-child{margin-left: 0;margin-right: 0;margin-bottom: 10px;}}@media only screen and (max-width: 767px) {.wp-block-uagb-icon-list.uagb-block-b5768981 .uagb-icon-list__source-image{width: 16px;}.wp-block-uagb-icon-list.uagb-block-b5768981 .uagb-icon-list__label{text-align: center;}.wp-block-uagb-icon-list.uagb-block-b5768981 .wp-block-uagb-icon-list-child .uagb-icon-list__source-wrap svg{width: 16px;height: 16px;font-size: 16px;}.wp-block-uagb-icon-list.uagb-block-b5768981 .wp-block-uagb-icon-list-child .uagb-icon-list__source-wrap{padding: 0px;border-width: 0px;align-self: center;}.wp-block-uagb-icon-list.uagb-block-b5768981 .uagb-icon-list__wrap{display: flex;flex-direction: column;justify-content: center;-webkit-box-pack: center;-ms-flex-pack: center;-webkit-box-align: center;-ms-flex-align: center;align-items: center;margin-top: 0px;margin-right: 0px;margin-bottom: 0px;margin-left: 0px;}.wp-block-uagb-icon-list.uagb-block-b5768981.wp-block-uagb-icon-list .wp-block-uagb-icon-list-child{margin-left: 0;margin-right: 0;margin-bottom: 10px;}}\";s:2:\"js\";s:0:\"\";s:18:\"current_block_list\";a:10:{i:0;s:11:\"core\/search\";i:1;s:10:\"core\/group\";i:2;s:12:\"core\/heading\";i:3;s:17:\"core\/latest-posts\";i:4;s:20:\"core\/latest-comments\";i:5;s:13:\"core\/archives\";i:6;s:15:\"core\/categories\";i:7;s:14:\"uagb\/icon-list\";i:8;s:20:\"uagb\/icon-list-child\";i:9;s:14:\"core\/shortcode\";}s:8:\"uag_flag\";b:1;s:11:\"uag_version\";s:10:\"1778005336\";s:6:\"gfonts\";a:0:{}s:10:\"gfonts_url\";s:0:\"\";s:12:\"gfonts_files\";a:0:{}s:14:\"uag_faq_layout\";b:0;}"],"_uag_css_file_name":["uag-css-2133.css"]},"uagb_featured_image_src":{"full":false,"thumbnail":false,"medium":false,"medium_large":false,"large":false,"1536x1536":false,"2048x2048":false,"trp-custom-language-flag":false},"uagb_author_info":{"display_name":"xiaoxi99201","author_link":"https:\/\/tradegoai.app\/de\/author\/xiaoxi99201\/"},"uagb_comment_info":0,"uagb_excerpt":"This Data Processing Agreement (the \u201cDPA\u201d) forms an integral part of all agreements between the Customer and POPHAW LLC, doing business as \u201cTradeGo AI\u201d, a Delaware limited liability company with offices at 1007 N Orange St., Suite 937, [&hellip;]","_links":{"self":[{"href":"https:\/\/tradegoai.app\/de\/wp-json\/wp\/v2\/pages\/2133","targetHints":{"allow":["GET"]}}],"collection":[{"href":"https:\/\/tradegoai.app\/de\/wp-json\/wp\/v2\/pages"}],"about":[{"href":"https:\/\/tradegoai.app\/de\/wp-json\/wp\/v2\/types\/page"}],"author":[{"embeddable":true,"href":"https:\/\/tradegoai.app\/de\/wp-json\/wp\/v2\/users\/2"}],"replies":[{"embeddable":true,"href":"https:\/\/tradegoai.app\/de\/wp-json\/wp\/v2\/comments?post=2133"}],"version-history":[{"count":2,"href":"https:\/\/tradegoai.app\/de\/wp-json\/wp\/v2\/pages\/2133\/revisions"}],"predecessor-version":[{"id":2301,"href":"https:\/\/tradegoai.app\/de\/wp-json\/wp\/v2\/pages\/2133\/revisions\/2301"}],"wp:attachment":[{"href":"https:\/\/tradegoai.app\/de\/wp-json\/wp\/v2\/media?parent=2133"}],"curies":[{"name":"wp","href":"https:\/\/api.w.org\/{rel}","templated":true}]}}