{"id":2131,"date":"2026-02-11T02:22:12","date_gmt":"2026-02-11T02:22:12","guid":{"rendered":"https:\/\/tradegoai.app\/?page_id=2131"},"modified":"2026-04-08T06:04:37","modified_gmt":"2026-04-08T06:04:37","slug":"security-trust","status":"publish","type":"page","link":"https:\/\/tradegoai.app\/es\/security-trust\/","title":{"rendered":"Seguridad y confianza"},"content":{"rendered":"<p data-start=\"1233\" data-end=\"1515\">\n<p data-start=\"1233\" data-end=\"1515\"><strong>TradeGoAI<\/strong> (\u201cnosotros\u201d) se compromete a proteger la confidencialidad, integridad y disponibilidad de los datos de sus clientes. Esta p\u00e1gina de seguridad describe nuestras pr\u00e1cticas de seguridad, controles y medidas organizativas dise\u00f1adas para salvaguardar la informaci\u00f3n procesada a trav\u00e9s de nuestra plataforma.<\/p>\n<hr data-start=\"1517\" data-end=\"1520\" \/>\n<h2 data-start=\"1522\" data-end=\"1551\">1. Nuestro compromiso de seguridad<\/h2>\n<p data-start=\"1553\" data-end=\"1731\">TradeGoAI es una plataforma SaaS impulsada por IA dise\u00f1ada para profesionales del comercio internacional y B2B. Reconocemos que la seguridad y la privacidad de los datos son fundamentales para la confianza de nuestros clientes.<\/p>\n<p data-start=\"1733\" data-end=\"1921\">Mantenemos salvaguardias administrativas, t\u00e9cnicas y organizativas acordes con las mejores pr\u00e1cticas del sector para proteger los datos de los clientes contra el acceso no autorizado, la p\u00e9rdida, el uso indebido o la divulgaci\u00f3n.<\/p>\n<hr data-start=\"1923\" data-end=\"1926\" \/>\n<h2 data-start=\"1928\" data-end=\"1967\">2. Infraestructura y seguridad del alojamiento<\/h2>\n<ul data-start=\"1969\" data-end=\"2212\">\n<li data-start=\"1969\" data-end=\"2072\">\n<p data-start=\"1971\" data-end=\"2072\">TradeGoAI se aloja en proveedores seguros de infraestructura en la nube con certificaciones reconocidas por la industria.<\/p>\n<\/li>\n<li data-start=\"2073\" data-end=\"2164\">\n<p data-start=\"2075\" data-end=\"2164\">Los sistemas de producci\u00f3n est\u00e1n protegidos por cortafuegos, segmentaci\u00f3n de red y controles de acceso.<\/p>\n<\/li>\n<li data-start=\"2165\" data-end=\"2212\">\n<p data-start=\"2167\" data-end=\"2212\">Los datos se a\u00edslan l\u00f3gicamente entre clientes.<\/p>\n<\/li>\n<\/ul>\n<hr data-start=\"2214\" data-end=\"2217\" \/>\n<h2 data-start=\"2219\" data-end=\"2239\">3. 3. Control de acceso<\/h2>\n<ul data-start=\"2241\" data-end=\"2528\">\n<li data-start=\"2241\" data-end=\"2315\">\n<p data-start=\"2243\" data-end=\"2315\">El acceso a los sistemas de producci\u00f3n est\u00e1 restringido \u00fanicamente al personal autorizado.<\/p>\n<\/li>\n<li data-start=\"2316\" data-end=\"2363\">\n<p data-start=\"2318\" data-end=\"2363\">Se aplica el control de acceso basado en roles (RBAC).<\/p>\n<\/li>\n<li data-start=\"2364\" data-end=\"2428\">\n<p data-start=\"2366\" data-end=\"2428\">La autenticaci\u00f3n multifactor (MFA) es necesaria cuando se admite.<\/p>\n<\/li>\n<li data-start=\"2429\" data-end=\"2528\">\n<p data-start=\"2431\" data-end=\"2528\">Los derechos de acceso se revisan peri\u00f3dicamente y se revocan inmediatamente en caso de cambio de funci\u00f3n o cese.<\/p>\n<\/li>\n<\/ul>\n<hr data-start=\"2530\" data-end=\"2533\" \/>\n<h2 data-start=\"2535\" data-end=\"2556\">4. Cifrado de datos<\/h2>\n<ul data-start=\"2558\" data-end=\"2794\">\n<li data-start=\"2558\" data-end=\"2611\">\n<p data-start=\"2560\" data-end=\"2611\">Los datos est\u00e1n encriptados <strong data-start=\"2578\" data-end=\"2592\">en tr\u00e1nsito<\/strong> utilizando TLS (HTTPS).<\/p>\n<\/li>\n<li data-start=\"2612\" data-end=\"2717\">\n<p data-start=\"2614\" data-end=\"2717\">Los datos sensibles est\u00e1n encriptados <strong data-start=\"2642\" data-end=\"2653\">en reposo<\/strong> utilizando, en su caso, algoritmos de cifrado est\u00e1ndar del sector.<\/p>\n<\/li>\n<li data-start=\"2718\" data-end=\"2794\">\n<p data-start=\"2720\" data-end=\"2794\">Las credenciales y los secretos se almacenan de forma segura y nunca se registran en texto plano.<\/p>\n<\/li>\n<\/ul>\n<hr data-start=\"2796\" data-end=\"2799\" \/>\n<h2 data-start=\"2801\" data-end=\"2832\">5. Protecci\u00f3n de datos y privacidad<\/h2>\n<ul data-start=\"2834\" data-end=\"3089\">\n<li data-start=\"2834\" data-end=\"2954\">\n<p data-start=\"2836\" data-end=\"2954\">TradeGoAI procesa los datos personales de acuerdo con las leyes de protecci\u00f3n de datos aplicables, incluido el GDPR en su caso.<\/p>\n<\/li>\n<li data-start=\"2955\" data-end=\"3023\">\n<p data-start=\"2957\" data-end=\"3023\">S\u00f3lo recopilamos los datos m\u00ednimos necesarios para prestar el Servicio.<\/p>\n<\/li>\n<li data-start=\"3024\" data-end=\"3089\">\n<p data-start=\"3026\" data-end=\"3089\">Los datos de los clientes nunca se venden ni se comparten con fines publicitarios.<\/p>\n<\/li>\n<\/ul>\n<p data-start=\"3091\" data-end=\"3141\">Para m\u00e1s informaci\u00f3n, consulte nuestro <strong data-start=\"3122\" data-end=\"3140\">Pol\u00edtica de privacidad<\/strong>.<\/p>\n<hr data-start=\"3143\" data-end=\"3146\" \/>\n<h2 data-start=\"3148\" data-end=\"3179\">6. Conservaci\u00f3n y supresi\u00f3n de datos<\/h2>\n<ul data-start=\"3181\" data-end=\"3493\">\n<li data-start=\"3181\" data-end=\"3290\">\n<p data-start=\"3183\" data-end=\"3290\">Los datos personales se conservan s\u00f3lo el tiempo necesario para cumplir fines contractuales, legales u operativos.<\/p>\n<\/li>\n<li data-start=\"3291\" data-end=\"3370\">\n<p data-start=\"3293\" data-end=\"3370\">Los usuarios pueden solicitar la supresi\u00f3n de sus datos dirigi\u00e9ndose a <a class=\"decorated-link cursor-pointer\" rel=\"noopener\" data-start=\"3348\" data-end=\"3369\">support@tradegoai.app<\/a>.<\/p>\n<\/li>\n<li data-start=\"3371\" data-end=\"3493\">\n<p data-start=\"3373\" data-end=\"3493\">Cuando se cancela una cuenta, los datos se eliminan o se convierten en an\u00f3nimos en un plazo razonable, a menos que la ley exija lo contrario.<\/p>\n<\/li>\n<\/ul>\n<hr data-start=\"3495\" data-end=\"3498\" \/>\n<h2 data-start=\"3500\" data-end=\"3523\">7. Respuesta a incidentes<\/h2>\n<p data-start=\"3525\" data-end=\"3621\">Mantenemos un proceso de respuesta a incidentes para detectar, responder y mitigar los incidentes de seguridad.<\/p>\n<p data-start=\"3623\" data-end=\"3663\">En caso de que se confirme una violaci\u00f3n de datos:<\/p>\n<ul data-start=\"3664\" data-end=\"3819\">\n<li data-start=\"3664\" data-end=\"3695\">\n<p data-start=\"3666\" data-end=\"3695\">Investigaremos sin demora.<\/p>\n<\/li>\n<li data-start=\"3696\" data-end=\"3772\">\n<p data-start=\"3698\" data-end=\"3772\">Los usuarios afectados ser\u00e1n notificados sin demora indebida cuando as\u00ed lo exija la ley.<\/p>\n<\/li>\n<li data-start=\"3773\" data-end=\"3819\">\n<p data-start=\"3775\" data-end=\"3819\">Se tomar\u00e1n las medidas correctoras adecuadas.<\/p>\n<\/li>\n<\/ul>\n<hr data-start=\"3821\" data-end=\"3824\" \/>\n<h2 data-start=\"3826\" data-end=\"3871\">8. Continuidad de la actividad y recuperaci\u00f3n en caso de cat\u00e1strofe<\/h2>\n<ul data-start=\"3873\" data-end=\"4102\">\n<li data-start=\"3873\" data-end=\"3933\">\n<p data-start=\"3875\" data-end=\"3933\">Se realizan copias de seguridad peri\u00f3dicas para garantizar la disponibilidad de los datos.<\/p>\n<\/li>\n<li data-start=\"3934\" data-end=\"3988\">\n<p data-start=\"3936\" data-end=\"3988\">Las copias de seguridad se almacenan de forma segura y se comprueban peri\u00f3dicamente.<\/p>\n<\/li>\n<li data-start=\"3989\" data-end=\"4102\">\n<p data-start=\"3991\" data-end=\"4102\">Mantenemos procedimientos de recuperaci\u00f3n de desastres dise\u00f1ados para restablecer el servicio en caso de fallo o interrupci\u00f3n del sistema.<\/p>\n<\/li>\n<\/ul>\n<hr data-start=\"4104\" data-end=\"4107\" \/>\n<h2 data-start=\"4109\" data-end=\"4148\">9. Gesti\u00f3n de proveedores y subprocesadores<\/h2>\n<ul data-start=\"4150\" data-end=\"4388\">\n<li data-start=\"4150\" data-end=\"4200\">\n<p data-start=\"4152\" data-end=\"4200\">S\u00f3lo trabajamos con proveedores externos de confianza.<\/p>\n<\/li>\n<li data-start=\"4201\" data-end=\"4310\">\n<p data-start=\"4203\" data-end=\"4310\">Los proveedores con acceso a los datos de los clientes est\u00e1n obligados por contrato a aplicar medidas de seguridad adecuadas.<\/p>\n<\/li>\n<li data-start=\"4311\" data-end=\"4388\">\n<p data-start=\"4313\" data-end=\"4388\">La lista de subprocesadores est\u00e1 disponible previa solicitud o se publica por separado.<\/p>\n<\/li>\n<\/ul>\n<hr data-start=\"4390\" data-end=\"4393\" \/>\n<h2 data-start=\"4395\" data-end=\"4430\">10. Seguridad y formaci\u00f3n de los empleados<\/h2>\n<ul data-start=\"4432\" data-end=\"4667\">\n<li data-start=\"4432\" data-end=\"4521\">\n<p data-start=\"4434\" data-end=\"4521\">Todos los miembros del equipo deben seguir las pol\u00edticas internas de seguridad y confidencialidad.<\/p>\n<\/li>\n<li data-start=\"4522\" data-end=\"4586\">\n<p data-start=\"4524\" data-end=\"4586\">El acceso a los sistemas sensibles se concede en funci\u00f3n de las necesidades del trabajo.<\/p>\n<\/li>\n<li data-start=\"4587\" data-end=\"4667\">\n<p data-start=\"4589\" data-end=\"4667\">Se hace hincapi\u00e9 en la concienciaci\u00f3n sobre la seguridad como parte de la incorporaci\u00f3n y de las operaciones en curso.<\/p>\n<\/li>\n<\/ul>\n<hr data-start=\"4669\" data-end=\"4672\" \/>\n<h2 data-start=\"4674\" data-end=\"4691\">11. Conformidad<\/h2>\n<p data-start=\"4693\" data-end=\"4796\">TradeGoAI alinea sus pr\u00e1cticas de seguridad con marcos y normativas com\u00fanmente reconocidos, entre los que se incluyen:<\/p>\n<ul data-start=\"4798\" data-end=\"4898\">\n<li data-start=\"4798\" data-end=\"4841\">\n<p data-start=\"4800\" data-end=\"4841\">Reglamento general de protecci\u00f3n de datos (RGPD)<\/p>\n<\/li>\n<li data-start=\"4842\" data-end=\"4898\">\n<p data-start=\"4844\" data-end=\"4898\">Controles de seguridad est\u00e1ndar del sector para plataformas SaaS<\/p>\n<\/li>\n<\/ul>\n<p data-start=\"4900\" data-end=\"4976\">Las certificaciones formales (como SOC 2) pueden obtenerse a medida que la plataforma crece.<\/p>\n<hr data-start=\"4978\" data-end=\"4981\" \/>\n<h2 data-start=\"4983\" data-end=\"5012\">12. Divulgaci\u00f3n responsable<\/h2>\n<p data-start=\"5014\" data-end=\"5116\">Si cree que ha descubierto un fallo de seguridad, notif\u00edquelo responsablemente por correo electr\u00f3nico:<\/p>\n<p data-start=\"5118\" data-end=\"5176\">\ud83d\udce7 <strong data-start=\"5121\" data-end=\"5147\"><a class=\"decorated-link cursor-pointer\" rel=\"noopener\" data-start=\"5123\" data-end=\"5145\">security@tradegoai.app<\/a><\/strong><br data-start=\"5147\" data-end=\"5150\" \/>(o <a class=\"decorated-link cursor-pointer\" rel=\"noopener\" data-start=\"5154\" data-end=\"5175\">support@tradegoai.app<\/a>)<\/p>\n<p data-start=\"5178\" data-end=\"5245\">Apreciamos la divulgaci\u00f3n responsable e investigaremos con prontitud.<\/p>\n<hr data-start=\"5247\" data-end=\"5250\" \/>\n<h2 data-start=\"5252\" data-end=\"5279\">13. Actualizaciones de esta p\u00e1gina<\/h2>\n<p data-start=\"5281\" data-end=\"5432\">Es posible que actualicemos esta p\u00e1gina de Seguridad de vez en cuando para reflejar cambios en nuestras pr\u00e1cticas o en los requisitos normativos. Las actualizaciones se publicar\u00e1n en esta p\u00e1gina.<\/p>\n<hr data-start=\"5434\" data-end=\"5437\" \/>\n<h2 data-start=\"5439\" data-end=\"5449\">P\u00f3ngase en contacto con<\/h2>\n<p data-start=\"5451\" data-end=\"5498\">Si tiene preguntas relacionadas con la seguridad, p\u00f3ngase en contacto con<\/p>\n<p data-start=\"5500\" data-end=\"5556\"><strong data-start=\"5500\" data-end=\"5527\">Equipo de seguridad de TradeGoAI<\/strong><br data-start=\"5527\" data-end=\"5530\" \/>\ud83d\udce7 <a class=\"decorated-link cursor-pointer\" rel=\"noopener\" data-start=\"5533\" data-end=\"5554\">support@tradegoai.app<\/a><\/p>\n<p data-start=\"5558\" data-end=\"5622\">Operado por <strong data-start=\"5570\" data-end=\"5584\">POPHAW LLC<\/strong><br data-start=\"5584\" data-end=\"5587\" \/>Wilmington, Delaware, Estados Unidos<\/p>\n<p data-start=\"5558\" data-end=\"5622\">","protected":false},"excerpt":{"rendered":"<p>TradeGoAI (\u201cwe\u201d, \u201cour\u201d, or \u201cus\u201d) is committed to protecting the confidentiality, integrity, and availability of customer data. This Security page outlines our security practices, controls, and organizational measures designed to safeguard information processed through our platform. 1. Our [&hellip;]<\/p>\n","protected":false},"author":2,"featured_media":0,"parent":0,"menu_order":0,"comment_status":"closed","ping_status":"closed","template":"","meta":{"_uag_custom_page_level_css":"","site-sidebar-layout":"default","site-content-layout":"","ast-site-content-layout":"default","site-content-style":"default","site-sidebar-style":"default","ast-global-header-display":"","ast-banner-title-visibility":"","ast-main-header-display":"","ast-hfb-above-header-display":"","ast-hfb-below-header-display":"","ast-hfb-mobile-header-display":"","site-post-title":"","ast-breadcrumbs-content":"","ast-featured-img":"","footer-sml-layout":"","ast-disable-related-posts":"","theme-transparent-header-meta":"default","adv-header-id-meta":"","stick-header-meta":"default","header-above-stick-meta":"","header-main-stick-meta":"","header-below-stick-meta":"","astra-migrate-meta-layouts":"set","ast-page-background-enabled":"default","ast-page-background-meta":{"desktop":{"background-color":"var(--ast-global-color-4)","background-image":"","background-repeat":"repeat","background-position":"center center","background-size":"auto","background-attachment":"scroll","background-type":"","background-media":"","overlay-type":"","overlay-color":"","overlay-opacity":"","overlay-gradient":""},"tablet":{"background-color":"","background-image":"","background-repeat":"repeat","background-position":"center center","background-size":"auto","background-attachment":"scroll","background-type":"","background-media":"","overlay-type":"","overlay-color":"","overlay-opacity":"","overlay-gradient":""},"mobile":{"background-color":"","background-image":"","background-repeat":"repeat","background-position":"center center","background-size":"auto","background-attachment":"scroll","background-type":"","background-media":"","overlay-type":"","overlay-color":"","overlay-opacity":"","overlay-gradient":""}},"ast-content-background-meta":{"desktop":{"background-color":"var(--ast-global-color-5)","background-image":"","background-repeat":"repeat","background-position":"center center","background-size":"auto","background-attachment":"scroll","background-type":"","background-media":"","overlay-type":"","overlay-color":"","overlay-opacity":"","overlay-gradient":""},"tablet":{"background-color":"var(--ast-global-color-5)","background-image":"","background-repeat":"repeat","background-position":"center center","background-size":"auto","background-attachment":"scroll","background-type":"","background-media":"","overlay-type":"","overlay-color":"","overlay-opacity":"","overlay-gradient":""},"mobile":{"background-color":"var(--ast-global-color-5)","background-image":"","background-repeat":"repeat","background-position":"center center","background-size":"auto","background-attachment":"scroll","background-type":"","background-media":"","overlay-type":"","overlay-color":"","overlay-opacity":"","overlay-gradient":""}},"spectra_gs_classes":"[\"\"]","footnotes":""},"class_list":["post-2131","page","type-page","status-publish","hentry"],"spectra_custom_meta":{"_edit_lock":["1775628305:2"],"_edit_last":["2"],"site-sidebar-layout":["default"],"ast-site-content-layout":["default"],"site-content-style":["default"],"site-sidebar-style":["default"],"theme-transparent-header-meta":["default"],"stick-header-meta":["default"],"astra-migrate-meta-layouts":["set"],"spectra_gs_classes":["[\"\"]"],"wp_statistics_words_count":["536"],"_uag_page_assets":["a:9:{s:3:\"css\";s:4963:\".uag-blocks-common-selector{z-index:var(--z-index-desktop) !important}@media (max-width: 976px){.uag-blocks-common-selector{z-index:var(--z-index-tablet) !important}}@media (max-width: 767px){.uag-blocks-common-selector{z-index:var(--z-index-mobile) !important}}\n.uagb-icon-list__wrap{display:flex;align-items:flex-start;justify-content:flex-start}.wp-block-uagb-icon-list-child{padding:0;transition:all 0.2s;display:inline-flex;color:#3a3a3a;align-items:center;text-decoration:none;box-shadow:none}.wp-block-uagb-icon-list-child span.uagb-icon-list__source-wrap{display:block;align-items:center}.uagb-icon-list__source-wrap svg{display:block}.uagb-icon-list__source-image{width:40px}.uagb-icon-list__outer-wrap .uagb-icon-list__content-wrap{color:#3a3a3a;display:flex;align-items:center}\n.wp-block-uagb-icon-list-child{position:relative}.wp-block-uagb-icon-list-child>a{position:absolute;top:0;left:0;width:100%;height:100%}img.uagb-icon-list__source-image{max-width:unset}.wp-block-uagb-icon-list-child .uagb-icon-list__label{word-break:break-word}\n.wp-block-uagb-icon-list.uagb-block-b5768981 .uagb-icon-list__source-image{width: 16px;}.wp-block-uagb-icon-list.uagb-block-b5768981 .wp-block-uagb-icon-list-child .uagb-icon-list__source-wrap svg{width: 16px;height: 16px;font-size: 16px;}.wp-block-uagb-icon-list.uagb-block-b5768981 .wp-block-uagb-icon-list-child .uagb-icon-list__source-wrap{padding: 0px;border-radius: 0px;border-width: 0px;align-self: center;}.wp-block-uagb-icon-list.uagb-block-b5768981 .wp-block-uagb-icon-list-child .uagb-icon-list__label{text-decoration: !important;font-weight: 600;line-height: em;}.wp-block-uagb-icon-list.uagb-block-b5768981 .uagb-icon-list__wrap{display: flex;flex-direction: column;justify-content: center;-webkit-box-pack: center;-ms-flex-pack: center;-webkit-box-align: flex-start;-ms-flex-align: flex-start;align-items: flex-start;margin-top: 30px;margin-right: 0px;margin-bottom: 0px;margin-left: 0px;padding-top: 0px;padding-right: 0px;padding-bottom: 0px;padding-left: 0px;}.wp-block-uagb-icon-list.uagb-block-b5768981 .uagb-icon-list__label{text-align: left;}.wp-block-uagb-icon-list.uagb-block-b5768981 .wp-block-uagb-icon-list-child{text-decoration: !important;font-weight: 600;line-height: em;}.wp-block-uagb-icon-list.uagb-block-b5768981.wp-block-uagb-icon-list .wp-block-uagb-icon-list-child{margin-left: 0;margin-right: 0;margin-bottom: 10px;}.wp-block-uagb-icon-list.uagb-block-b5768981 .uagb-icon-list__source-wrap{margin-right: 15px;}.uagb-block-75fa870d.wp-block-uagb-icon-list-child .uagb-icon-list__source-wrap{background:  !important;border-color:  !important;}.uagb-block-75fa870d.wp-block-uagb-icon-list-child:hover .uagb-icon-list__source-wrap{background:  !important;border-color:  !important;}.uagb-block-5bf81fd2.wp-block-uagb-icon-list-child .uagb-icon-list__source-wrap{background:  !important;border-color:  !important;}.uagb-block-5bf81fd2.wp-block-uagb-icon-list-child:hover .uagb-icon-list__source-wrap{background:  !important;border-color:  !important;}@media only screen and (max-width: 976px) {.wp-block-uagb-icon-list.uagb-block-b5768981 .uagb-icon-list__source-image{width: 16px;}.wp-block-uagb-icon-list.uagb-block-b5768981 .wp-block-uagb-icon-list-child .uagb-icon-list__source-wrap svg{width: 16px;height: 16px;font-size: 16px;}.wp-block-uagb-icon-list.uagb-block-b5768981 .wp-block-uagb-icon-list-child .uagb-icon-list__source-wrap {padding: 0px;border-width: 0px;align-self: center;}.wp-block-uagb-icon-list.uagb-block-b5768981 .uagb-icon-list__wrap{display: flex;flex-direction: column;justify-content: center;-webkit-box-pack: center;-ms-flex-pack: center;-webkit-box-align: flex-start;-ms-flex-align: flex-start;align-items: flex-start;}.wp-block-uagb-icon-list.uagb-block-b5768981 .uagb-icon-list__label{text-align: left;}.wp-block-uagb-icon-list.uagb-block-b5768981.wp-block-uagb-icon-list .wp-block-uagb-icon-list-child{margin-left: 0;margin-right: 0;margin-bottom: 10px;}}@media only screen and (max-width: 767px) {.wp-block-uagb-icon-list.uagb-block-b5768981 .uagb-icon-list__source-image{width: 16px;}.wp-block-uagb-icon-list.uagb-block-b5768981 .uagb-icon-list__label{text-align: center;}.wp-block-uagb-icon-list.uagb-block-b5768981 .wp-block-uagb-icon-list-child .uagb-icon-list__source-wrap svg{width: 16px;height: 16px;font-size: 16px;}.wp-block-uagb-icon-list.uagb-block-b5768981 .wp-block-uagb-icon-list-child .uagb-icon-list__source-wrap{padding: 0px;border-width: 0px;align-self: center;}.wp-block-uagb-icon-list.uagb-block-b5768981 .uagb-icon-list__wrap{display: flex;flex-direction: column;justify-content: center;-webkit-box-pack: center;-ms-flex-pack: center;-webkit-box-align: center;-ms-flex-align: center;align-items: center;margin-top: 0px;margin-right: 0px;margin-bottom: 0px;margin-left: 0px;}.wp-block-uagb-icon-list.uagb-block-b5768981.wp-block-uagb-icon-list .wp-block-uagb-icon-list-child{margin-left: 0;margin-right: 0;margin-bottom: 10px;}}\";s:2:\"js\";s:0:\"\";s:18:\"current_block_list\";a:10:{i:0;s:11:\"core\/search\";i:1;s:10:\"core\/group\";i:2;s:12:\"core\/heading\";i:3;s:17:\"core\/latest-posts\";i:4;s:20:\"core\/latest-comments\";i:5;s:13:\"core\/archives\";i:6;s:15:\"core\/categories\";i:7;s:14:\"uagb\/icon-list\";i:8;s:20:\"uagb\/icon-list-child\";i:9;s:14:\"core\/shortcode\";}s:8:\"uag_flag\";b:1;s:11:\"uag_version\";s:10:\"1778004629\";s:6:\"gfonts\";a:0:{}s:10:\"gfonts_url\";s:0:\"\";s:12:\"gfonts_files\";a:0:{}s:14:\"uag_faq_layout\";b:0;}"],"_uag_css_file_name":["uag-css-2131.css"]},"uagb_featured_image_src":{"full":false,"thumbnail":false,"medium":false,"medium_large":false,"large":false,"1536x1536":false,"2048x2048":false,"trp-custom-language-flag":false},"uagb_author_info":{"display_name":"xiaoxi99201","author_link":"https:\/\/tradegoai.app\/es\/author\/xiaoxi99201\/"},"uagb_comment_info":0,"uagb_excerpt":"TradeGoAI (\u201cwe\u201d, \u201cour\u201d, or \u201cus\u201d) is committed to protecting the confidentiality, integrity, and availability of customer data. This Security page outlines our security practices, controls, and organizational measures designed to safeguard information processed through our platform. 1. Our [&hellip;]","_links":{"self":[{"href":"https:\/\/tradegoai.app\/es\/wp-json\/wp\/v2\/pages\/2131","targetHints":{"allow":["GET"]}}],"collection":[{"href":"https:\/\/tradegoai.app\/es\/wp-json\/wp\/v2\/pages"}],"about":[{"href":"https:\/\/tradegoai.app\/es\/wp-json\/wp\/v2\/types\/page"}],"author":[{"embeddable":true,"href":"https:\/\/tradegoai.app\/es\/wp-json\/wp\/v2\/users\/2"}],"replies":[{"embeddable":true,"href":"https:\/\/tradegoai.app\/es\/wp-json\/wp\/v2\/comments?post=2131"}],"version-history":[{"count":1,"href":"https:\/\/tradegoai.app\/es\/wp-json\/wp\/v2\/pages\/2131\/revisions"}],"predecessor-version":[{"id":2297,"href":"https:\/\/tradegoai.app\/es\/wp-json\/wp\/v2\/pages\/2131\/revisions\/2297"}],"wp:attachment":[{"href":"https:\/\/tradegoai.app\/es\/wp-json\/wp\/v2\/media?parent=2131"}],"curies":[{"name":"wp","href":"https:\/\/api.w.org\/{rel}","templated":true}]}}