{"id":2133,"date":"2026-02-11T02:34:51","date_gmt":"2026-02-11T02:34:51","guid":{"rendered":"https:\/\/tradegoai.app\/?page_id=2133"},"modified":"2026-04-08T06:06:19","modified_gmt":"2026-04-08T06:06:19","slug":"data-processing-agreement","status":"publish","type":"page","link":"https:\/\/tradegoai.app\/es\/data-processing-agreement\/","title":{"rendered":"Acuerdo de procesamiento de datos"},"content":{"rendered":"<p data-start=\"415\" data-end=\"863\">\n<p data-start=\"415\" data-end=\"863\">El presente Acuerdo de Tratamiento de Datos (el \u201c<strong data-start=\"452\" data-end=\"459\">DPA<\/strong>\u201d) forma parte integrante de todos los acuerdos entre el Cliente y <strong data-start=\"528\" data-end=\"574\">POPHAW LLC, haciendo negocios como \u201cTradeGo AI\u201d<\/strong>, una sociedad de responsabilidad limitada de Delaware con sede en <strong data-start=\"629\" data-end=\"709\">1007 N Orange St., Suite 937, 4th Floor, Wilmington, DE 19801, Estados Unidos<\/strong> (\u201c<strong data-start=\"712\" data-end=\"725\">Procesador<\/strong>\u201d, \u201c<strong data-start=\"729\" data-end=\"743\">TradeGo AI<\/strong>\u201d, \u201c<strong data-start=\"747\" data-end=\"753\">nosotros<\/strong>\u201d, o \u201c<strong data-start=\"760\" data-end=\"766\">us<\/strong>\u201d), y el cliente identificado en el acuerdo aplicable (\u201c<strong data-start=\"828\" data-end=\"840\">Cliente<\/strong>\u201d o \u201c<strong data-start=\"846\" data-end=\"860\">Controlador<\/strong>\u201d).<\/p>\n<p data-start=\"865\" data-end=\"1138\">El presente APD complementa y forma parte del Contrato Principal de Suscripci\u00f3n, de las Condiciones de Servicio o de cualquier otro acuerdo de servicios suscrito entre las Partes (conjuntamente, el \u201c<strong data-start=\"1042\" data-end=\"1055\">Acuerdo<\/strong>\u201d) y establece el acuerdo de las Partes en relaci\u00f3n con el Tratamiento de Datos Personales.<\/p>\n<p data-start=\"1140\" data-end=\"1331\">En la prestaci\u00f3n de los Servicios previstos en el Contrato, el Encargado del Tratamiento podr\u00e1 tratar Datos Personales por cuenta del Cliente. Las Partes acuerdan cumplir los t\u00e9rminos y condiciones establecidos en el presente APD.<\/p>\n<p data-start=\"1333\" data-end=\"1463\">En caso de conflicto entre el presente APD y el Acuerdo, prevalecer\u00e1 el presente APD en lo que respecta a su objeto.<\/p>\n<p data-start=\"1465\" data-end=\"1631\">El presente APD entrar\u00e1 en vigor en la fecha de entrada en vigor del Acuerdo (\u201c<strong data-start=\"1538\" data-end=\"1556\">Fecha de entrada en vigor<\/strong>\u201d) y sustituye a cualquier acuerdo anterior de tratamiento de datos entre las Partes.<\/p>\n<hr data-start=\"1633\" data-end=\"1636\" \/>\n<h2 data-start=\"1638\" data-end=\"1655\">1. Definiciones<\/h2>\n<p data-start=\"1657\" data-end=\"1755\">Los t\u00e9rminos en may\u00fasculas que no se definan de otro modo en este documento tendr\u00e1n el significado que se establece en el Acuerdo.<\/p>\n<p data-start=\"1757\" data-end=\"1890\">(a) <strong data-start=\"1761\" data-end=\"1776\">\u201cAfiliado\u201d<\/strong> significa cualquier entidad que directa o indirectamente controle, sea controlada por, o est\u00e9 bajo control com\u00fan con una Parte.<\/p>\n<p data-start=\"1892\" data-end=\"2040\">(b) <strong data-start=\"1896\" data-end=\"1932\">\u201cLey de protecci\u00f3n de datos aplicable\u201d<\/strong> se refiere a todas las leyes y normativas aplicables al Tratamiento de Datos Personales, incluyendo sin limitaci\u00f3n:<\/p>\n<ul data-start=\"2041\" data-end=\"2315\">\n<li data-start=\"2041\" data-end=\"2077\">\n<p data-start=\"2043\" data-end=\"2077\">Reglamento (UE) 2016\/679 (\u201cRGPD\u201d);<\/p>\n<\/li>\n<li data-start=\"2078\" data-end=\"2124\">\n<p data-start=\"2080\" data-end=\"2124\">GDPR del Reino Unido y la Ley de Protecci\u00f3n de Datos del Reino Unido de 2018;<\/p>\n<\/li>\n<li data-start=\"2125\" data-end=\"2164\">\n<p data-start=\"2127\" data-end=\"2164\">Ley Federal Suiza de Protecci\u00f3n de Datos;<\/p>\n<\/li>\n<li data-start=\"2165\" data-end=\"2260\">\n<p data-start=\"2167\" data-end=\"2260\">Ley de Privacidad del Consumidor de California y Ley de Derechos de Privacidad de California (\u201cLey de Privacidad de California\u201d);<\/p>\n<\/li>\n<li data-start=\"2261\" data-end=\"2315\">\n<p data-start=\"2263\" data-end=\"2315\">cualquier otra ley aplicable en materia de privacidad o protecci\u00f3n de datos.<\/p>\n<\/li>\n<\/ul>\n<p data-start=\"2317\" data-end=\"2430\">(c) <strong data-start=\"2321\" data-end=\"2347\">\u201cAfiliado autorizado\u201d<\/strong> significa cualquier Afiliado del Cliente autorizado a utilizar los Servicios en virtud del Contrato.<\/p>\n<p data-start=\"2432\" data-end=\"2472\">(d) <strong data-start=\"2436\" data-end=\"2452\">\u201cControlador\u201d<\/strong> se refiere al Cliente.<\/p>\n<p data-start=\"2474\" data-end=\"2565\">(e) <strong data-start=\"2478\" data-end=\"2499\">\u201cDatos del responsable del tratamiento\u201d<\/strong> se refiere a los Datos Personales procesados por el Procesador en nombre del Cliente.<\/p>\n<p data-start=\"2567\" data-end=\"2742\">(f) <strong data-start=\"2571\" data-end=\"2588\">\u201cFiltraci\u00f3n de datos\u201d<\/strong> una violaci\u00f3n de la seguridad que provoque la destrucci\u00f3n accidental o il\u00edcita, la p\u00e9rdida, la alteraci\u00f3n, la divulgaci\u00f3n no autorizada o el acceso a los Datos del Responsable del Tratamiento.<\/p>\n<p data-start=\"2744\" data-end=\"2885\">(g) <strong data-start=\"2748\" data-end=\"2766\">\u201cInstrucciones\u201d<\/strong> se refiere a las instrucciones documentadas proporcionadas por el Cliente al Procesador, incluso a trav\u00e9s del uso de los Servicios por parte del Cliente.<\/p>\n<p data-start=\"2887\" data-end=\"2990\">(h) <strong data-start=\"2891\" data-end=\"2910\">\u201cDatos personales\u201d<\/strong> cualquier informaci\u00f3n relativa a una persona f\u00edsica identificada o identificable.<\/p>\n<p data-start=\"2992\" data-end=\"3108\">(i) <strong data-start=\"2996\" data-end=\"3012\">\u201cProcesando\u201d<\/strong> se refiere a cualquier operaci\u00f3n realizada sobre Datos Personales tal y como se definen en la Ley de Protecci\u00f3n de Datos Aplicable.<\/p>\n<p data-start=\"3110\" data-end=\"3166\">(j) <strong data-start=\"3114\" data-end=\"3129\">\u201cProcesador\u201d<\/strong> significa POPHAW LLC (d\/b\/a TradeGo AI).<\/p>\n<p data-start=\"3168\" data-end=\"3248\">(k) <strong data-start=\"3172\" data-end=\"3186\">\u201cServicios\u201d<\/strong> se refiere a los productos y servicios prestados en virtud del Acuerdo.<\/p>\n<p data-start=\"3250\" data-end=\"3344\">(l) <strong data-start=\"3254\" data-end=\"3273\">\u201cSubprocesador\u201d<\/strong> se refiere a cualquier tercero contratado por el procesador para procesar los datos del controlador.<\/p>\n<hr data-start=\"3346\" data-end=\"3349\" \/>\n<h2 data-start=\"3351\" data-end=\"3378\">2. Finalidad del tratamiento<\/h2>\n<p data-start=\"3380\" data-end=\"3534\">2.1 El Encargado del tratamiento tratar\u00e1 los Datos del responsable \u00fanicamente con el fin de prestar los Servicios de conformidad con el Contrato y las Instrucciones del Cliente.<\/p>\n<p data-start=\"3536\" data-end=\"3659\">2.2 El alcance, la naturaleza, la finalidad y la duraci\u00f3n del tratamiento se describen con m\u00e1s detalle en <strong data-start=\"3620\" data-end=\"3658\">Anexo 1 (Detalles del tratamiento)<\/strong>.<\/p>\n<hr data-start=\"3661\" data-end=\"3664\" \/>\n<h2 data-start=\"3666\" data-end=\"3698\">3. 3. Funciones y responsabilidades<\/h2>\n<p data-start=\"3700\" data-end=\"3728\">3.1 <strong data-start=\"3704\" data-end=\"3728\">Papel de las partes<\/strong><\/p>\n<ul data-start=\"3730\" data-end=\"3918\">\n<li data-start=\"3730\" data-end=\"3844\">\n<p data-start=\"3732\" data-end=\"3844\">En virtud del GDPR, el GDPR del Reino Unido y la legislaci\u00f3n suiza, el Cliente act\u00faa como el <strong data-start=\"3789\" data-end=\"3803\">Controlador<\/strong> y Processor act\u00faa como <strong data-start=\"3830\" data-end=\"3843\">Procesador<\/strong>.<\/p>\n<\/li>\n<li data-start=\"3845\" data-end=\"3918\">\n<p data-start=\"3847\" data-end=\"3918\">En virtud de la Ley de Privacidad de California, el Procesador act\u00faa como <strong data-start=\"3897\" data-end=\"3917\">Proveedor de servicios<\/strong>.<\/p>\n<\/li>\n<\/ul>\n<p data-start=\"3920\" data-end=\"3949\">3.2 <strong data-start=\"3924\" data-end=\"3949\">Instrucciones para el cliente<\/strong><\/p>\n<p data-start=\"3951\" data-end=\"4126\">El Cliente declara y garantiza que ha obtenido todos los derechos, consentimientos y fundamentos jur\u00eddicos necesarios para Procesar Datos Personales y para ordenar al Procesador que Procese dichos datos.<\/p>\n<p data-start=\"4128\" data-end=\"4154\">3.3 <strong data-start=\"4132\" data-end=\"4154\">Finalidad Limitaci\u00f3n<\/strong><\/p>\n<p data-start=\"4156\" data-end=\"4271\">El Encargado del Tratamiento tratar\u00e1 los Datos del Responsable \u00fanicamente de conformidad con las Instrucciones del Cliente y para los Fines Permitidos.<\/p>\n<p data-start=\"4273\" data-end=\"4302\">3.4 <strong data-start=\"4277\" data-end=\"4302\">Solicitudes de los interesados<\/strong><\/p>\n<p data-start=\"4304\" data-end=\"4450\">El Cliente es responsable de responder a las solicitudes de los Interesados. El Encargado del Tratamiento prestar\u00e1 una asistencia comercialmente razonable cuando as\u00ed lo exija la ley.<\/p>\n<hr data-start=\"4452\" data-end=\"4455\" \/>\n<h2 data-start=\"4457\" data-end=\"4484\">4. Obligaciones del procesador<\/h2>\n<p data-start=\"4486\" data-end=\"4629\">4.1 <strong data-start=\"4490\" data-end=\"4509\">Confidencialidad<\/strong><br data-start=\"4509\" data-end=\"4512\" \/>El encargado del tratamiento velar\u00e1 por que el personal autorizado a tratar los datos del responsable del tratamiento est\u00e9 sujeto a obligaciones de confidencialidad.<\/p>\n<p data-start=\"4631\" data-end=\"4751\">4.2 <strong data-start=\"4635\" data-end=\"4649\">Divulgaci\u00f3n<\/strong><br data-start=\"4649\" data-end=\"4652\" \/>El encargado del tratamiento no divulgar\u00e1 los Datos del responsable del tratamiento salvo en los casos exigidos por la ley o permitidos en virtud de la presente DPA.<\/p>\n<p data-start=\"4753\" data-end=\"4930\">4.3 <strong data-start=\"4757\" data-end=\"4783\">Conservaci\u00f3n y supresi\u00f3n<\/strong><br data-start=\"4783\" data-end=\"4786\" \/>Tras la rescisi\u00f3n del contrato, el encargado del tratamiento suprimir\u00e1 o devolver\u00e1 los datos del responsable del tratamiento en un plazo de treinta (30) d\u00edas, a menos que la ley exija su conservaci\u00f3n.<\/p>\n<p data-start=\"4932\" data-end=\"5067\">4.4 <strong data-start=\"4936\" data-end=\"4957\">Medidas de seguridad<\/strong><br data-start=\"4957\" data-end=\"4960\" \/>El encargado del tratamiento aplicar\u00e1 las medidas t\u00e9cnicas y organizativas adecuadas descritas en <strong data-start=\"5052\" data-end=\"5066\">Programa 2<\/strong>.<\/p>\n<hr data-start=\"5069\" data-end=\"5072\" \/>\n<h2 data-start=\"5074\" data-end=\"5091\">5. Violaci\u00f3n de datos<\/h2>\n<p data-start=\"5093\" data-end=\"5214\">5.1 El Procesador notificar\u00e1 al Cliente sin demora indebida y a m\u00e1s tardar 72 horas despu\u00e9s de tener conocimiento de una Violaci\u00f3n de Datos.<\/p>\n<p data-start=\"5216\" data-end=\"5304\">5.2 El Procesador ayudar\u00e1 razonablemente al Cliente con las notificaciones de incumplimiento cuando sea necesario.<\/p>\n<hr data-start=\"5306\" data-end=\"5309\" \/>\n<h2 data-start=\"5311\" data-end=\"5323\">6. Auditor\u00edas<\/h2>\n<p data-start=\"5325\" data-end=\"5472\">El Cliente podr\u00e1 auditar el cumplimiento del Procesador una vez al a\u00f1o utilizando un auditor independiente, sujeto a una notificaci\u00f3n razonable y a obligaciones de confidencialidad.<\/p>\n<hr data-start=\"5474\" data-end=\"5477\" \/>\n<h2 data-start=\"5479\" data-end=\"5499\">7. Subprocesadores<\/h2>\n<p data-start=\"5501\" data-end=\"5560\">7.1 El Cliente autoriza al Procesador a contratar Subprocesadores.<\/p>\n<p data-start=\"5562\" data-end=\"5661\">7.2 La lista actualizada de los subprocesadores est\u00e1 disponible previa solicitud o se publica en el sitio web del procesador.<\/p>\n<p data-start=\"5663\" data-end=\"5737\">7.3 El procesador seguir\u00e1 siendo responsable de los actos y omisiones de los subprocesadores.<\/p>\n<hr data-start=\"5739\" data-end=\"5742\" \/>\n<h2 data-start=\"5744\" data-end=\"5778\">8. Transferencias internacionales de datos<\/h2>\n<p data-start=\"5780\" data-end=\"5918\">El encargado del tratamiento garantizar\u00e1 las salvaguardias adecuadas para las transferencias restringidas, incluidas las cl\u00e1usulas contractuales tipo u otros mecanismos legales.<\/p>\n<hr data-start=\"5920\" data-end=\"5923\" \/>\n<h2 data-start=\"5925\" data-end=\"5954\">9. 9. Limitaci\u00f3n de responsabilidad<\/h2>\n<p data-start=\"5956\" data-end=\"6063\">La responsabilidad total de cada una de las Partes en virtud del presente APD estar\u00e1 sujeta a las limitaciones establecidas en el Acuerdo.<\/p>\n<hr data-start=\"6065\" data-end=\"6068\" \/>\n<h2 data-start=\"6070\" data-end=\"6090\">10. Varios<\/h2>\n<p data-start=\"6092\" data-end=\"6172\">10.1 El presente APD se regir\u00e1 por la legislaci\u00f3n aplicable especificada en el Acuerdo.<\/p>\n<p data-start=\"6174\" data-end=\"6275\">10.2 La presente DPA podr\u00e1 actualizarse previo aviso, y el uso continuado de los Servicios constituir\u00e1 su aceptaci\u00f3n.<\/p>\n<hr data-start=\"6277\" data-end=\"6280\" \/>\n<h2 data-start=\"6282\" data-end=\"6318\">Anexo 1 - Detalles del tratamiento<\/h2>\n<p data-start=\"6320\" data-end=\"6444\"><strong data-start=\"6320\" data-end=\"6352\">Categor\u00edas de interesados:<\/strong><br data-start=\"6352\" data-end=\"6355\" \/>Usuarios finales, clientes y otros individuos cuyos Datos Personales sean enviados por el Cliente.<\/p>\n<p data-start=\"6446\" data-end=\"6569\"><strong data-start=\"6446\" data-end=\"6473\">Tipos de datos personales:<\/strong><br data-start=\"6473\" data-end=\"6476\" \/>Informaci\u00f3n de contacto, datos de cuenta, datos de uso y otros datos enviados a trav\u00e9s de los Servicios.<\/p>\n<p data-start=\"6571\" data-end=\"6612\"><strong data-start=\"6571\" data-end=\"6583\">Prop\u00f3sito:<\/strong><br data-start=\"6583\" data-end=\"6586\" \/>Prestaci\u00f3n de los Servicios.<\/p>\n<p data-start=\"6614\" data-end=\"6673\"><strong data-start=\"6614\" data-end=\"6627\">Duraci\u00f3n:<\/strong><br data-start=\"6627\" data-end=\"6630\" \/>Duraci\u00f3n del Acuerdo m\u00e1s periodo de supresi\u00f3n.<\/p>\n<hr data-start=\"6675\" data-end=\"6678\" \/>\n<h2 data-start=\"6680\" data-end=\"6732\">Programa 2 - Medidas t\u00e9cnicas y organizativas<\/h2>\n<p data-start=\"6734\" data-end=\"6807\">El encargado del tratamiento mantiene las salvaguardias adecuadas, incluidas, entre otras:<\/p>\n<ul data-start=\"6809\" data-end=\"7015\">\n<li data-start=\"6809\" data-end=\"6846\">\n<p data-start=\"6811\" data-end=\"6846\">Cifrado en tr\u00e1nsito y en reposo<\/p>\n<\/li>\n<li data-start=\"6847\" data-end=\"6885\">\n<p data-start=\"6849\" data-end=\"6885\">Controles de acceso y autenticaci\u00f3n<\/p>\n<\/li>\n<li data-start=\"6886\" data-end=\"6912\">\n<p data-start=\"6888\" data-end=\"6912\">Registro y control<\/p>\n<\/li>\n<li data-start=\"6913\" data-end=\"6945\">\n<p data-start=\"6915\" data-end=\"6945\">Procedimientos de respuesta a incidentes<\/p>\n<\/li>\n<li data-start=\"6946\" data-end=\"6977\">\n<p data-start=\"6948\" data-end=\"6977\">Pr\u00e1cticas de minimizaci\u00f3n de datos<\/p>\n<\/li>\n<li data-start=\"6978\" data-end=\"7015\">\n<p data-start=\"6980\" data-end=\"7015\">Infraestructura y copias de seguridad seguras<\/p>\n<\/li>\n<\/ul>","protected":false},"excerpt":{"rendered":"<p>This Data Processing Agreement (the \u201cDPA\u201d) forms an integral part of all agreements between the Customer and POPHAW LLC, doing business as \u201cTradeGo AI\u201d, a Delaware limited liability company with offices at 1007 N Orange St., Suite 937, [&hellip;]<\/p>\n","protected":false},"author":2,"featured_media":0,"parent":0,"menu_order":0,"comment_status":"closed","ping_status":"closed","template":"","meta":{"_uag_custom_page_level_css":"","site-sidebar-layout":"default","site-content-layout":"","ast-site-content-layout":"default","site-content-style":"default","site-sidebar-style":"default","ast-global-header-display":"","ast-banner-title-visibility":"","ast-main-header-display":"","ast-hfb-above-header-display":"","ast-hfb-below-header-display":"","ast-hfb-mobile-header-display":"","site-post-title":"","ast-breadcrumbs-content":"","ast-featured-img":"","footer-sml-layout":"","ast-disable-related-posts":"","theme-transparent-header-meta":"default","adv-header-id-meta":"","stick-header-meta":"default","header-above-stick-meta":"","header-main-stick-meta":"","header-below-stick-meta":"","astra-migrate-meta-layouts":"set","ast-page-background-enabled":"default","ast-page-background-meta":{"desktop":{"background-color":"var(--ast-global-color-4)","background-image":"","background-repeat":"repeat","background-position":"center center","background-size":"auto","background-attachment":"scroll","background-type":"","background-media":"","overlay-type":"","overlay-color":"","overlay-opacity":"","overlay-gradient":""},"tablet":{"background-color":"","background-image":"","background-repeat":"repeat","background-position":"center center","background-size":"auto","background-attachment":"scroll","background-type":"","background-media":"","overlay-type":"","overlay-color":"","overlay-opacity":"","overlay-gradient":""},"mobile":{"background-color":"","background-image":"","background-repeat":"repeat","background-position":"center center","background-size":"auto","background-attachment":"scroll","background-type":"","background-media":"","overlay-type":"","overlay-color":"","overlay-opacity":"","overlay-gradient":""}},"ast-content-background-meta":{"desktop":{"background-color":"var(--ast-global-color-5)","background-image":"","background-repeat":"repeat","background-position":"center center","background-size":"auto","background-attachment":"scroll","background-type":"","background-media":"","overlay-type":"","overlay-color":"","overlay-opacity":"","overlay-gradient":""},"tablet":{"background-color":"var(--ast-global-color-5)","background-image":"","background-repeat":"repeat","background-position":"center center","background-size":"auto","background-attachment":"scroll","background-type":"","background-media":"","overlay-type":"","overlay-color":"","overlay-opacity":"","overlay-gradient":""},"mobile":{"background-color":"var(--ast-global-color-5)","background-image":"","background-repeat":"repeat","background-position":"center center","background-size":"auto","background-attachment":"scroll","background-type":"","background-media":"","overlay-type":"","overlay-color":"","overlay-opacity":"","overlay-gradient":""}},"spectra_gs_classes":"[\"\"]","footnotes":""},"class_list":["post-2133","page","type-page","status-publish","hentry"],"spectra_custom_meta":{"_edit_lock":["1775628396:2"],"_edit_last":["2"],"site-sidebar-layout":["default"],"ast-site-content-layout":["default"],"site-content-style":["default"],"site-sidebar-style":["default"],"theme-transparent-header-meta":["default"],"stick-header-meta":["default"],"astra-migrate-meta-layouts":["set"],"spectra_gs_classes":["[\"\"]"],"_uag_page_assets":["a:9:{s:3:\"css\";s:4963:\".uag-blocks-common-selector{z-index:var(--z-index-desktop) !important}@media (max-width: 976px){.uag-blocks-common-selector{z-index:var(--z-index-tablet) !important}}@media (max-width: 767px){.uag-blocks-common-selector{z-index:var(--z-index-mobile) !important}}\n.uagb-icon-list__wrap{display:flex;align-items:flex-start;justify-content:flex-start}.wp-block-uagb-icon-list-child{padding:0;transition:all 0.2s;display:inline-flex;color:#3a3a3a;align-items:center;text-decoration:none;box-shadow:none}.wp-block-uagb-icon-list-child span.uagb-icon-list__source-wrap{display:block;align-items:center}.uagb-icon-list__source-wrap svg{display:block}.uagb-icon-list__source-image{width:40px}.uagb-icon-list__outer-wrap .uagb-icon-list__content-wrap{color:#3a3a3a;display:flex;align-items:center}\n.wp-block-uagb-icon-list-child{position:relative}.wp-block-uagb-icon-list-child>a{position:absolute;top:0;left:0;width:100%;height:100%}img.uagb-icon-list__source-image{max-width:unset}.wp-block-uagb-icon-list-child .uagb-icon-list__label{word-break:break-word}\n.wp-block-uagb-icon-list.uagb-block-b5768981 .uagb-icon-list__source-image{width: 16px;}.wp-block-uagb-icon-list.uagb-block-b5768981 .wp-block-uagb-icon-list-child .uagb-icon-list__source-wrap svg{width: 16px;height: 16px;font-size: 16px;}.wp-block-uagb-icon-list.uagb-block-b5768981 .wp-block-uagb-icon-list-child .uagb-icon-list__source-wrap{padding: 0px;border-radius: 0px;border-width: 0px;align-self: center;}.wp-block-uagb-icon-list.uagb-block-b5768981 .wp-block-uagb-icon-list-child .uagb-icon-list__label{text-decoration: !important;font-weight: 600;line-height: em;}.wp-block-uagb-icon-list.uagb-block-b5768981 .uagb-icon-list__wrap{display: flex;flex-direction: column;justify-content: center;-webkit-box-pack: center;-ms-flex-pack: center;-webkit-box-align: flex-start;-ms-flex-align: flex-start;align-items: flex-start;margin-top: 30px;margin-right: 0px;margin-bottom: 0px;margin-left: 0px;padding-top: 0px;padding-right: 0px;padding-bottom: 0px;padding-left: 0px;}.wp-block-uagb-icon-list.uagb-block-b5768981 .uagb-icon-list__label{text-align: left;}.wp-block-uagb-icon-list.uagb-block-b5768981 .wp-block-uagb-icon-list-child{text-decoration: !important;font-weight: 600;line-height: em;}.wp-block-uagb-icon-list.uagb-block-b5768981.wp-block-uagb-icon-list .wp-block-uagb-icon-list-child{margin-left: 0;margin-right: 0;margin-bottom: 10px;}.wp-block-uagb-icon-list.uagb-block-b5768981 .uagb-icon-list__source-wrap{margin-right: 15px;}.uagb-block-75fa870d.wp-block-uagb-icon-list-child .uagb-icon-list__source-wrap{background:  !important;border-color:  !important;}.uagb-block-75fa870d.wp-block-uagb-icon-list-child:hover .uagb-icon-list__source-wrap{background:  !important;border-color:  !important;}.uagb-block-5bf81fd2.wp-block-uagb-icon-list-child .uagb-icon-list__source-wrap{background:  !important;border-color:  !important;}.uagb-block-5bf81fd2.wp-block-uagb-icon-list-child:hover .uagb-icon-list__source-wrap{background:  !important;border-color:  !important;}@media only screen and (max-width: 976px) {.wp-block-uagb-icon-list.uagb-block-b5768981 .uagb-icon-list__source-image{width: 16px;}.wp-block-uagb-icon-list.uagb-block-b5768981 .wp-block-uagb-icon-list-child .uagb-icon-list__source-wrap svg{width: 16px;height: 16px;font-size: 16px;}.wp-block-uagb-icon-list.uagb-block-b5768981 .wp-block-uagb-icon-list-child .uagb-icon-list__source-wrap {padding: 0px;border-width: 0px;align-self: center;}.wp-block-uagb-icon-list.uagb-block-b5768981 .uagb-icon-list__wrap{display: flex;flex-direction: column;justify-content: center;-webkit-box-pack: center;-ms-flex-pack: center;-webkit-box-align: flex-start;-ms-flex-align: flex-start;align-items: flex-start;}.wp-block-uagb-icon-list.uagb-block-b5768981 .uagb-icon-list__label{text-align: left;}.wp-block-uagb-icon-list.uagb-block-b5768981.wp-block-uagb-icon-list .wp-block-uagb-icon-list-child{margin-left: 0;margin-right: 0;margin-bottom: 10px;}}@media only screen and (max-width: 767px) {.wp-block-uagb-icon-list.uagb-block-b5768981 .uagb-icon-list__source-image{width: 16px;}.wp-block-uagb-icon-list.uagb-block-b5768981 .uagb-icon-list__label{text-align: center;}.wp-block-uagb-icon-list.uagb-block-b5768981 .wp-block-uagb-icon-list-child .uagb-icon-list__source-wrap svg{width: 16px;height: 16px;font-size: 16px;}.wp-block-uagb-icon-list.uagb-block-b5768981 .wp-block-uagb-icon-list-child .uagb-icon-list__source-wrap{padding: 0px;border-width: 0px;align-self: center;}.wp-block-uagb-icon-list.uagb-block-b5768981 .uagb-icon-list__wrap{display: flex;flex-direction: column;justify-content: center;-webkit-box-pack: center;-ms-flex-pack: center;-webkit-box-align: center;-ms-flex-align: center;align-items: center;margin-top: 0px;margin-right: 0px;margin-bottom: 0px;margin-left: 0px;}.wp-block-uagb-icon-list.uagb-block-b5768981.wp-block-uagb-icon-list .wp-block-uagb-icon-list-child{margin-left: 0;margin-right: 0;margin-bottom: 10px;}}\";s:2:\"js\";s:0:\"\";s:18:\"current_block_list\";a:10:{i:0;s:11:\"core\/search\";i:1;s:10:\"core\/group\";i:2;s:12:\"core\/heading\";i:3;s:17:\"core\/latest-posts\";i:4;s:20:\"core\/latest-comments\";i:5;s:13:\"core\/archives\";i:6;s:15:\"core\/categories\";i:7;s:14:\"uagb\/icon-list\";i:8;s:20:\"uagb\/icon-list-child\";i:9;s:14:\"core\/shortcode\";}s:8:\"uag_flag\";b:1;s:11:\"uag_version\";s:10:\"1778005011\";s:6:\"gfonts\";a:0:{}s:10:\"gfonts_url\";s:0:\"\";s:12:\"gfonts_files\";a:0:{}s:14:\"uag_faq_layout\";b:0;}"],"_uag_css_file_name":["uag-css-2133.css"]},"uagb_featured_image_src":{"full":false,"thumbnail":false,"medium":false,"medium_large":false,"large":false,"1536x1536":false,"2048x2048":false,"trp-custom-language-flag":false},"uagb_author_info":{"display_name":"xiaoxi99201","author_link":"https:\/\/tradegoai.app\/es\/author\/xiaoxi99201\/"},"uagb_comment_info":0,"uagb_excerpt":"This Data Processing Agreement (the \u201cDPA\u201d) forms an integral part of all agreements between the Customer and POPHAW LLC, doing business as \u201cTradeGo AI\u201d, a Delaware limited liability company with offices at 1007 N Orange St., Suite 937, [&hellip;]","_links":{"self":[{"href":"https:\/\/tradegoai.app\/es\/wp-json\/wp\/v2\/pages\/2133","targetHints":{"allow":["GET"]}}],"collection":[{"href":"https:\/\/tradegoai.app\/es\/wp-json\/wp\/v2\/pages"}],"about":[{"href":"https:\/\/tradegoai.app\/es\/wp-json\/wp\/v2\/types\/page"}],"author":[{"embeddable":true,"href":"https:\/\/tradegoai.app\/es\/wp-json\/wp\/v2\/users\/2"}],"replies":[{"embeddable":true,"href":"https:\/\/tradegoai.app\/es\/wp-json\/wp\/v2\/comments?post=2133"}],"version-history":[{"count":2,"href":"https:\/\/tradegoai.app\/es\/wp-json\/wp\/v2\/pages\/2133\/revisions"}],"predecessor-version":[{"id":2301,"href":"https:\/\/tradegoai.app\/es\/wp-json\/wp\/v2\/pages\/2133\/revisions\/2301"}],"wp:attachment":[{"href":"https:\/\/tradegoai.app\/es\/wp-json\/wp\/v2\/media?parent=2133"}],"curies":[{"name":"wp","href":"https:\/\/api.w.org\/{rel}","templated":true}]}}