{"id":2168,"date":"2026-02-11T09:58:28","date_gmt":"2026-02-11T09:58:28","guid":{"rendered":"https:\/\/tradegoai.app\/?page_id=2168"},"modified":"2026-04-08T06:08:26","modified_gmt":"2026-04-08T06:08:26","slug":"cookie-policy","status":"publish","type":"page","link":"https:\/\/tradegoai.app\/es\/cookie-policy\/","title":{"rendered":"Pol\u00edtica de cookies"},"content":{"rendered":"<p data-start=\"122\" data-end=\"315\">\n<p data-start=\"122\" data-end=\"315\">Esta Pol\u00edtica de cookies explica c\u00f3mo <strong data-start=\"154\" data-end=\"167\">TradeGoAI<\/strong> (\u201cnosotros\u201d o \u201cnuestro\u201d), operado por <strong data-start=\"204\" data-end=\"218\">POPHAW LLC<\/strong>, utiliza cookies y tecnolog\u00edas similares cuando usted visita <strong data-start=\"273\" data-end=\"298\"><a class=\"decorated-link\" href=\"https:\/\/tradegoai.app\/es\/\" target=\"_new\" rel=\"noopener\" data-start=\"275\" data-end=\"296\">https:\/\/tradegoai.app<\/a><\/strong> (el \u201cServicio\u201d).<\/p>\n<p data-start=\"317\" data-end=\"384\">Esta Pol\u00edtica de Cookies debe leerse junto con nuestra Pol\u00edtica de Privacidad.<\/p>\n<hr data-start=\"386\" data-end=\"389\" \/>\n<h2 data-start=\"391\" data-end=\"413\">1. Qu\u00e9 son las cookies<\/h2>\n<p data-start=\"415\" data-end=\"666\">Las cookies son peque\u00f1os archivos de texto que se colocan en su dispositivo (ordenador, tel\u00e9fono m\u00f3vil o tableta) cuando visita un sitio web. Las cookies se utilizan ampliamente para hacer que los sitios web funcionen de manera eficiente, mejorar la experiencia del usuario y proporcionar informaci\u00f3n a los operadores del sitio web.<\/p>\n<p data-start=\"668\" data-end=\"808\">Las cookies pueden ser \u201ccookies de sesi\u00f3n\u201d (se eliminan al cerrar el navegador) o \u201ccookies persistentes\u201d (se almacenan en el dispositivo durante un periodo definido).<\/p>\n<hr data-start=\"810\" data-end=\"813\" \/>\n<h2 data-start=\"815\" data-end=\"839\">2. C\u00f3mo utilizamos las cookies<\/h2>\n<p data-start=\"841\" data-end=\"891\">TradeGoAI utiliza cookies para los siguientes fines:<\/p>\n<ul data-start=\"893\" data-end=\"1126\">\n<li data-start=\"893\" data-end=\"932\">\n<p data-start=\"895\" data-end=\"932\">Operar y mantener el Servicio<\/p>\n<\/li>\n<li data-start=\"933\" data-end=\"985\">\n<p data-start=\"935\" data-end=\"985\">Para autenticar a los usuarios y evitar usos fraudulentos<\/p>\n<\/li>\n<li data-start=\"986\" data-end=\"1031\">\n<p data-start=\"988\" data-end=\"1031\">Para recordar las preferencias y ajustes del usuario<\/p>\n<\/li>\n<li data-start=\"1032\" data-end=\"1076\">\n<p data-start=\"1034\" data-end=\"1076\">Para analizar el uso y mejorar el rendimiento<\/p>\n<\/li>\n<li data-start=\"1077\" data-end=\"1126\">\n<p data-start=\"1079\" data-end=\"1126\">Para cumplir las obligaciones legales y de seguridad<\/p>\n<\/li>\n<\/ul>\n<hr data-start=\"1128\" data-end=\"1131\" \/>\n<h2 data-start=\"1133\" data-end=\"1162\">3. Tipos de cookies que utilizamos<\/h2>\n<h3 data-start=\"1164\" data-end=\"1190\">a. Cookies esenciales<\/h3>\n<p data-start=\"1191\" data-end=\"1279\">Estas cookies son necesarias para que el Servicio funcione correctamente y no pueden desactivarse.<\/p>\n<p data-start=\"1281\" data-end=\"1290\">Ejemplos:<\/p>\n<ul data-start=\"1291\" data-end=\"1374\">\n<li data-start=\"1291\" data-end=\"1317\">\n<p data-start=\"1293\" data-end=\"1317\">Autenticaci\u00f3n de cuenta<\/p>\n<\/li>\n<li data-start=\"1318\" data-end=\"1351\">\n<p data-start=\"1320\" data-end=\"1351\">Seguridad y prevenci\u00f3n del fraude<\/p>\n<\/li>\n<li data-start=\"1352\" data-end=\"1374\">\n<p data-start=\"1354\" data-end=\"1374\">Gesti\u00f3n de sesiones<\/p>\n<\/li>\n<\/ul>\n<h3 data-start=\"1376\" data-end=\"1416\">b. Cookies funcionales y de preferencias<\/h3>\n<p data-start=\"1417\" data-end=\"1504\">Estas cookies nos permiten recordar las elecciones que usted hace y proporcionar una funcionalidad mejorada.<\/p>\n<p data-start=\"1506\" data-end=\"1515\">Ejemplos:<\/p>\n<ul data-start=\"1516\" data-end=\"1559\">\n<li data-start=\"1516\" data-end=\"1540\">\n<p data-start=\"1518\" data-end=\"1540\">Preferencias ling\u00fc\u00edsticas<\/p>\n<\/li>\n<li data-start=\"1541\" data-end=\"1559\">\n<p data-start=\"1543\" data-end=\"1559\">Ajustes guardados<\/p>\n<\/li>\n<\/ul>\n<h3 data-start=\"1561\" data-end=\"1587\">c. Cookies anal\u00edticas<\/h3>\n<p data-start=\"1588\" data-end=\"1705\">Estas cookies nos ayudan a entender c\u00f3mo interact\u00faan los usuarios con el Servicio para que podamos mejorar la funcionalidad y el rendimiento.<\/p>\n<p data-start=\"1707\" data-end=\"1716\">Ejemplos:<\/p>\n<ul data-start=\"1717\" data-end=\"1794\">\n<li data-start=\"1717\" data-end=\"1752\">\n<p data-start=\"1719\" data-end=\"1752\">Visitas a p\u00e1ginas y fuentes de tr\u00e1fico<\/p>\n<\/li>\n<li data-start=\"1753\" data-end=\"1794\">\n<p data-start=\"1755\" data-end=\"1794\">Uso de funciones y m\u00e9tricas de rendimiento<\/p>\n<\/li>\n<\/ul>\n<p data-start=\"1796\" data-end=\"1828\">Los proveedores de an\u00e1lisis pueden incluir:<\/p>\n<ul data-start=\"1829\" data-end=\"1887\">\n<li data-start=\"1829\" data-end=\"1849\">\n<p data-start=\"1831\" data-end=\"1849\">Google Analytics<\/p>\n<\/li>\n<li data-start=\"1850\" data-end=\"1862\">\n<p data-start=\"1852\" data-end=\"1862\">Firebase<\/p>\n<\/li>\n<li data-start=\"1863\" data-end=\"1875\">\n<p data-start=\"1865\" data-end=\"1875\">Mixpanel<\/p>\n<\/li>\n<li data-start=\"1876\" data-end=\"1887\">\n<p data-start=\"1878\" data-end=\"1887\">Segmento<\/p>\n<\/li>\n<\/ul>\n<h3 data-start=\"1889\" data-end=\"1914\">d. Cookies de seguridad<\/h3>\n<p data-start=\"1915\" data-end=\"2006\">Se utiliza para detectar actividades sospechosas, proteger las cuentas de los usuarios y mantener la integridad de la plataforma.<\/p>\n<hr data-start=\"2008\" data-end=\"2011\" \/>\n<h2 data-start=\"2013\" data-end=\"2038\">4. Cookies de terceros<\/h2>\n<p data-start=\"2040\" data-end=\"2131\">Algunas cookies son instaladas por terceros proveedores de servicios que apoyan nuestras operaciones, tales como:<\/p>\n<ul data-start=\"2133\" data-end=\"2279\">\n<li data-start=\"2133\" data-end=\"2156\">\n<p data-start=\"2135\" data-end=\"2156\">Proveedores de an\u00e1lisis<\/p>\n<\/li>\n<li data-start=\"2157\" data-end=\"2199\">\n<p data-start=\"2159\" data-end=\"2199\">Infraestructura en nube y proveedores de CDN<\/p>\n<\/li>\n<li data-start=\"2200\" data-end=\"2279\">\n<p data-start=\"2202\" data-end=\"2279\">Procesadores de pago (por ejemplo, Stripe, que puede instalar cookies en sus propios dominios)<\/p>\n<\/li>\n<\/ul>\n<p data-start=\"2281\" data-end=\"2396\">No controlamos estas cookies de terceros. Su uso se rige por sus respectivas pol\u00edticas de privacidad y cookies.<\/p>\n<hr data-start=\"2398\" data-end=\"2401\" \/>\n<h2 data-start=\"2403\" data-end=\"2424\">5. Duraci\u00f3n de la cookie<\/h2>\n<ul data-start=\"2426\" data-end=\"2567\">\n<li data-start=\"2426\" data-end=\"2480\">\n<p data-start=\"2428\" data-end=\"2480\">Las cookies de sesi\u00f3n caducan al cerrar el navegador<\/p>\n<\/li>\n<li data-start=\"2481\" data-end=\"2567\">\n<p data-start=\"2483\" data-end=\"2567\">Las cookies persistentes permanecen en su dispositivo hasta que caducan o se eliminan manualmente<\/p>\n<\/li>\n<\/ul>\n<p data-start=\"2569\" data-end=\"2626\">Los periodos de conservaci\u00f3n de las cookies var\u00edan en funci\u00f3n de su finalidad.<\/p>\n<hr data-start=\"2628\" data-end=\"2631\" \/>\n<h2 data-start=\"2633\" data-end=\"2655\">6. Gesti\u00f3n de cookies<\/h2>\n<p data-start=\"2657\" data-end=\"2749\">Puede controlar o eliminar las cookies a trav\u00e9s de la configuraci\u00f3n de su navegador. La mayor\u00eda de los navegadores le permiten:<\/p>\n<ul data-start=\"2751\" data-end=\"2820\">\n<li data-start=\"2751\" data-end=\"2774\">\n<p data-start=\"2753\" data-end=\"2774\">Ver cookies almacenadas<\/p>\n<\/li>\n<li data-start=\"2775\" data-end=\"2793\">\n<p data-start=\"2777\" data-end=\"2793\">Eliminar cookies<\/p>\n<\/li>\n<li data-start=\"2794\" data-end=\"2820\">\n<p data-start=\"2796\" data-end=\"2820\">Bloquear las cookies por completo<\/p>\n<\/li>\n<\/ul>\n<p data-start=\"2822\" data-end=\"2919\">Tenga en cuenta que deshabilitar determinadas cookies puede hacer que algunas partes del Servicio no funcionen correctamente.<\/p>\n<hr data-start=\"2921\" data-end=\"2924\" \/>\n<h2 data-start=\"2926\" data-end=\"2961\">7. Actualizaciones de la presente pol\u00edtica de cookies<\/h2>\n<p data-start=\"2963\" data-end=\"3091\">Podemos actualizar esta Pol\u00edtica de Cookies de vez en cuando. Cualquier cambio se publicar\u00e1 en esta p\u00e1gina con una fecha actualizada de \u201c\u00daltima actualizaci\u00f3n\u201d.<\/p>\n<hr data-start=\"3093\" data-end=\"3096\" \/>\n<h2 data-start=\"3098\" data-end=\"3114\">8. Contacto<\/h2>\n<p data-start=\"3116\" data-end=\"3182\">Si tiene alguna pregunta sobre esta Pol\u00edtica de Cookies, p\u00f3ngase en contacto con nosotros en:<\/p>\n<p data-start=\"3184\" data-end=\"3218\"><strong data-start=\"3184\" data-end=\"3194\">Correo electr\u00f3nico:<\/strong> <a class=\"decorated-link cursor-pointer\" rel=\"noopener\" data-start=\"3195\" data-end=\"3216\">support@tradegoai.app<\/a><\/p>\n<p data-start=\"3220\" data-end=\"3335\"><strong data-start=\"3220\" data-end=\"3232\">Empresa:<\/strong> POPHAW LLC<br data-start=\"3243\" data-end=\"3246\" \/><strong data-start=\"3246\" data-end=\"3258\">Direcci\u00f3n:<\/strong><br data-start=\"3258\" data-end=\"3261\" \/>1007 N Orange St.<br data-start=\"3278\" data-end=\"3281\" \/>937 4\u00aa planta<br data-start=\"3294\" data-end=\"3297\" \/>Wilmington, DE 19801<br data-start=\"3317\" data-end=\"3320\" \/>Estados Unidos<\/p>\n<p data-start=\"3220\" data-end=\"3335\">","protected":false},"excerpt":{"rendered":"<p>This Cookie Policy explains how TradeGoAI (\u201cwe\u201d, \u201cus\u201d, or \u201cour\u201d), operated by POPHAW LLC, uses cookies and similar technologies when you visit https:\/\/tradegoai.app (the \u201cService\u201d). This Cookie Policy should be read together with our Privacy Policy. 1. What [&hellip;]<\/p>\n","protected":false},"author":2,"featured_media":0,"parent":0,"menu_order":0,"comment_status":"closed","ping_status":"closed","template":"","meta":{"_uag_custom_page_level_css":"","site-sidebar-layout":"default","site-content-layout":"","ast-site-content-layout":"default","site-content-style":"default","site-sidebar-style":"default","ast-global-header-display":"","ast-banner-title-visibility":"","ast-main-header-display":"","ast-hfb-above-header-display":"","ast-hfb-below-header-display":"","ast-hfb-mobile-header-display":"","site-post-title":"","ast-breadcrumbs-content":"","ast-featured-img":"","footer-sml-layout":"","ast-disable-related-posts":"","theme-transparent-header-meta":"default","adv-header-id-meta":"","stick-header-meta":"default","header-above-stick-meta":"","header-main-stick-meta":"","header-below-stick-meta":"","astra-migrate-meta-layouts":"set","ast-page-background-enabled":"default","ast-page-background-meta":{"desktop":{"background-color":"var(--ast-global-color-4)","background-image":"","background-repeat":"repeat","background-position":"center center","background-size":"auto","background-attachment":"scroll","background-type":"","background-media":"","overlay-type":"","overlay-color":"","overlay-opacity":"","overlay-gradient":""},"tablet":{"background-color":"","background-image":"","background-repeat":"repeat","background-position":"center center","background-size":"auto","background-attachment":"scroll","background-type":"","background-media":"","overlay-type":"","overlay-color":"","overlay-opacity":"","overlay-gradient":""},"mobile":{"background-color":"","background-image":"","background-repeat":"repeat","background-position":"center center","background-size":"auto","background-attachment":"scroll","background-type":"","background-media":"","overlay-type":"","overlay-color":"","overlay-opacity":"","overlay-gradient":""}},"ast-content-background-meta":{"desktop":{"background-color":"var(--ast-global-color-5)","background-image":"","background-repeat":"repeat","background-position":"center center","background-size":"auto","background-attachment":"scroll","background-type":"","background-media":"","overlay-type":"","overlay-color":"","overlay-opacity":"","overlay-gradient":""},"tablet":{"background-color":"var(--ast-global-color-5)","background-image":"","background-repeat":"repeat","background-position":"center center","background-size":"auto","background-attachment":"scroll","background-type":"","background-media":"","overlay-type":"","overlay-color":"","overlay-opacity":"","overlay-gradient":""},"mobile":{"background-color":"var(--ast-global-color-5)","background-image":"","background-repeat":"repeat","background-position":"center center","background-size":"auto","background-attachment":"scroll","background-type":"","background-media":"","overlay-type":"","overlay-color":"","overlay-opacity":"","overlay-gradient":""}},"spectra_gs_classes":"[\"\"]","footnotes":""},"class_list":["post-2168","page","type-page","status-publish","hentry"],"spectra_custom_meta":{"_edit_lock":["1775628805:2"],"_edit_last":["2"],"site-sidebar-layout":["default"],"ast-site-content-layout":["default"],"site-content-style":["default"],"site-sidebar-style":["default"],"theme-transparent-header-meta":["default"],"astra-migrate-meta-layouts":["set"],"stick-header-meta":["default"],"wp_statistics_words_count":["408"],"spectra_gs_classes":["[\"\"]"],"_uag_page_assets":["a:9:{s:3:\"css\";s:4963:\".uag-blocks-common-selector{z-index:var(--z-index-desktop) !important}@media (max-width: 976px){.uag-blocks-common-selector{z-index:var(--z-index-tablet) !important}}@media (max-width: 767px){.uag-blocks-common-selector{z-index:var(--z-index-mobile) !important}}\n.uagb-icon-list__wrap{display:flex;align-items:flex-start;justify-content:flex-start}.wp-block-uagb-icon-list-child{padding:0;transition:all 0.2s;display:inline-flex;color:#3a3a3a;align-items:center;text-decoration:none;box-shadow:none}.wp-block-uagb-icon-list-child span.uagb-icon-list__source-wrap{display:block;align-items:center}.uagb-icon-list__source-wrap svg{display:block}.uagb-icon-list__source-image{width:40px}.uagb-icon-list__outer-wrap .uagb-icon-list__content-wrap{color:#3a3a3a;display:flex;align-items:center}\n.wp-block-uagb-icon-list-child{position:relative}.wp-block-uagb-icon-list-child>a{position:absolute;top:0;left:0;width:100%;height:100%}img.uagb-icon-list__source-image{max-width:unset}.wp-block-uagb-icon-list-child .uagb-icon-list__label{word-break:break-word}\n.wp-block-uagb-icon-list.uagb-block-b5768981 .uagb-icon-list__source-image{width: 16px;}.wp-block-uagb-icon-list.uagb-block-b5768981 .wp-block-uagb-icon-list-child .uagb-icon-list__source-wrap svg{width: 16px;height: 16px;font-size: 16px;}.wp-block-uagb-icon-list.uagb-block-b5768981 .wp-block-uagb-icon-list-child .uagb-icon-list__source-wrap{padding: 0px;border-radius: 0px;border-width: 0px;align-self: center;}.wp-block-uagb-icon-list.uagb-block-b5768981 .wp-block-uagb-icon-list-child .uagb-icon-list__label{text-decoration: !important;font-weight: 600;line-height: em;}.wp-block-uagb-icon-list.uagb-block-b5768981 .uagb-icon-list__wrap{display: flex;flex-direction: column;justify-content: center;-webkit-box-pack: center;-ms-flex-pack: center;-webkit-box-align: flex-start;-ms-flex-align: flex-start;align-items: flex-start;margin-top: 30px;margin-right: 0px;margin-bottom: 0px;margin-left: 0px;padding-top: 0px;padding-right: 0px;padding-bottom: 0px;padding-left: 0px;}.wp-block-uagb-icon-list.uagb-block-b5768981 .uagb-icon-list__label{text-align: left;}.wp-block-uagb-icon-list.uagb-block-b5768981 .wp-block-uagb-icon-list-child{text-decoration: !important;font-weight: 600;line-height: em;}.wp-block-uagb-icon-list.uagb-block-b5768981.wp-block-uagb-icon-list .wp-block-uagb-icon-list-child{margin-left: 0;margin-right: 0;margin-bottom: 10px;}.wp-block-uagb-icon-list.uagb-block-b5768981 .uagb-icon-list__source-wrap{margin-right: 15px;}.uagb-block-75fa870d.wp-block-uagb-icon-list-child .uagb-icon-list__source-wrap{background:  !important;border-color:  !important;}.uagb-block-75fa870d.wp-block-uagb-icon-list-child:hover .uagb-icon-list__source-wrap{background:  !important;border-color:  !important;}.uagb-block-5bf81fd2.wp-block-uagb-icon-list-child .uagb-icon-list__source-wrap{background:  !important;border-color:  !important;}.uagb-block-5bf81fd2.wp-block-uagb-icon-list-child:hover .uagb-icon-list__source-wrap{background:  !important;border-color:  !important;}@media only screen and (max-width: 976px) {.wp-block-uagb-icon-list.uagb-block-b5768981 .uagb-icon-list__source-image{width: 16px;}.wp-block-uagb-icon-list.uagb-block-b5768981 .wp-block-uagb-icon-list-child .uagb-icon-list__source-wrap svg{width: 16px;height: 16px;font-size: 16px;}.wp-block-uagb-icon-list.uagb-block-b5768981 .wp-block-uagb-icon-list-child .uagb-icon-list__source-wrap {padding: 0px;border-width: 0px;align-self: center;}.wp-block-uagb-icon-list.uagb-block-b5768981 .uagb-icon-list__wrap{display: flex;flex-direction: column;justify-content: center;-webkit-box-pack: center;-ms-flex-pack: center;-webkit-box-align: flex-start;-ms-flex-align: flex-start;align-items: flex-start;}.wp-block-uagb-icon-list.uagb-block-b5768981 .uagb-icon-list__label{text-align: left;}.wp-block-uagb-icon-list.uagb-block-b5768981.wp-block-uagb-icon-list .wp-block-uagb-icon-list-child{margin-left: 0;margin-right: 0;margin-bottom: 10px;}}@media only screen and (max-width: 767px) {.wp-block-uagb-icon-list.uagb-block-b5768981 .uagb-icon-list__source-image{width: 16px;}.wp-block-uagb-icon-list.uagb-block-b5768981 .uagb-icon-list__label{text-align: center;}.wp-block-uagb-icon-list.uagb-block-b5768981 .wp-block-uagb-icon-list-child .uagb-icon-list__source-wrap svg{width: 16px;height: 16px;font-size: 16px;}.wp-block-uagb-icon-list.uagb-block-b5768981 .wp-block-uagb-icon-list-child .uagb-icon-list__source-wrap{padding: 0px;border-width: 0px;align-self: center;}.wp-block-uagb-icon-list.uagb-block-b5768981 .uagb-icon-list__wrap{display: flex;flex-direction: column;justify-content: center;-webkit-box-pack: center;-ms-flex-pack: center;-webkit-box-align: center;-ms-flex-align: center;align-items: center;margin-top: 0px;margin-right: 0px;margin-bottom: 0px;margin-left: 0px;}.wp-block-uagb-icon-list.uagb-block-b5768981.wp-block-uagb-icon-list .wp-block-uagb-icon-list-child{margin-left: 0;margin-right: 0;margin-bottom: 10px;}}\";s:2:\"js\";s:0:\"\";s:18:\"current_block_list\";a:10:{i:0;s:11:\"core\/search\";i:1;s:10:\"core\/group\";i:2;s:12:\"core\/heading\";i:3;s:17:\"core\/latest-posts\";i:4;s:20:\"core\/latest-comments\";i:5;s:13:\"core\/archives\";i:6;s:15:\"core\/categories\";i:7;s:14:\"uagb\/icon-list\";i:8;s:20:\"uagb\/icon-list-child\";i:9;s:14:\"core\/shortcode\";}s:8:\"uag_flag\";b:1;s:11:\"uag_version\";s:10:\"1778004359\";s:6:\"gfonts\";a:0:{}s:10:\"gfonts_url\";s:0:\"\";s:12:\"gfonts_files\";a:0:{}s:14:\"uag_faq_layout\";b:0;}"],"_uag_css_file_name":["uag-css-2168.css"]},"uagb_featured_image_src":{"full":false,"thumbnail":false,"medium":false,"medium_large":false,"large":false,"1536x1536":false,"2048x2048":false,"trp-custom-language-flag":false},"uagb_author_info":{"display_name":"xiaoxi99201","author_link":"https:\/\/tradegoai.app\/es\/author\/xiaoxi99201\/"},"uagb_comment_info":0,"uagb_excerpt":"This Cookie Policy explains how TradeGoAI (\u201cwe\u201d, \u201cus\u201d, or \u201cour\u201d), operated by POPHAW LLC, uses cookies and similar technologies when you visit https:\/\/tradegoai.app (the \u201cService\u201d). This Cookie Policy should be read together with our Privacy Policy. 1. What [&hellip;]","_links":{"self":[{"href":"https:\/\/tradegoai.app\/es\/wp-json\/wp\/v2\/pages\/2168","targetHints":{"allow":["GET"]}}],"collection":[{"href":"https:\/\/tradegoai.app\/es\/wp-json\/wp\/v2\/pages"}],"about":[{"href":"https:\/\/tradegoai.app\/es\/wp-json\/wp\/v2\/types\/page"}],"author":[{"embeddable":true,"href":"https:\/\/tradegoai.app\/es\/wp-json\/wp\/v2\/users\/2"}],"replies":[{"embeddable":true,"href":"https:\/\/tradegoai.app\/es\/wp-json\/wp\/v2\/comments?post=2168"}],"version-history":[{"count":1,"href":"https:\/\/tradegoai.app\/es\/wp-json\/wp\/v2\/pages\/2168\/revisions"}],"predecessor-version":[{"id":2302,"href":"https:\/\/tradegoai.app\/es\/wp-json\/wp\/v2\/pages\/2168\/revisions\/2302"}],"wp:attachment":[{"href":"https:\/\/tradegoai.app\/es\/wp-json\/wp\/v2\/media?parent=2168"}],"curies":[{"name":"wp","href":"https:\/\/api.w.org\/{rel}","templated":true}]}}