{"id":2131,"date":"2026-02-11T02:22:12","date_gmt":"2026-02-11T02:22:12","guid":{"rendered":"https:\/\/tradegoai.app\/?page_id=2131"},"modified":"2026-04-08T06:04:37","modified_gmt":"2026-04-08T06:04:37","slug":"security-trust","status":"publish","type":"page","link":"https:\/\/tradegoai.app\/fr\/security-trust\/","title":{"rendered":"S\u00e9curit\u00e9 et confiance"},"content":{"rendered":"<p data-start=\"1233\" data-end=\"1515\">\n<p data-start=\"1233\" data-end=\"1515\"><strong>TradeGoAI<\/strong> (\u201cnous\u201d, \u201cnotre\u201d ou \u201cnos\u201d) s'engage \u00e0 prot\u00e9ger la confidentialit\u00e9, l'int\u00e9grit\u00e9 et la disponibilit\u00e9 des donn\u00e9es de ses clients. La pr\u00e9sente page sur la s\u00e9curit\u00e9 d\u00e9crit nos pratiques, contr\u00f4les et mesures organisationnelles en mati\u00e8re de s\u00e9curit\u00e9, con\u00e7us pour prot\u00e9ger les informations trait\u00e9es par l'interm\u00e9diaire de notre plateforme.<\/p>\n<hr data-start=\"1517\" data-end=\"1520\" \/>\n<h2 data-start=\"1522\" data-end=\"1551\">1. Notre engagement en mati\u00e8re de s\u00e9curit\u00e9<\/h2>\n<p data-start=\"1553\" data-end=\"1731\">TradeGoAI est une plateforme SaaS aliment\u00e9e par l'IA con\u00e7ue pour les professionnels du commerce international et du B2B. Nous reconnaissons que la s\u00e9curit\u00e9 et la confidentialit\u00e9 des donn\u00e9es sont essentielles \u00e0 la confiance de nos clients.<\/p>\n<p data-start=\"1733\" data-end=\"1921\">Nous maintenons des garanties administratives, techniques et organisationnelles conformes aux meilleures pratiques du secteur pour prot\u00e9ger les donn\u00e9es des clients contre l'acc\u00e8s non autoris\u00e9, la perte, l'utilisation abusive ou la divulgation.<\/p>\n<hr data-start=\"1923\" data-end=\"1926\" \/>\n<h2 data-start=\"1928\" data-end=\"1967\">2. S\u00e9curit\u00e9 de l'infrastructure et de l'h\u00e9bergement<\/h2>\n<ul data-start=\"1969\" data-end=\"2212\">\n<li data-start=\"1969\" data-end=\"2072\">\n<p data-start=\"1971\" data-end=\"2072\">TradeGoAI est h\u00e9berg\u00e9 par des fournisseurs d'infrastructure en nuage s\u00e9curis\u00e9s disposant de certifications reconnues par l'industrie.<\/p>\n<\/li>\n<li data-start=\"2073\" data-end=\"2164\">\n<p data-start=\"2075\" data-end=\"2164\">Les syst\u00e8mes de production sont prot\u00e9g\u00e9s par des pare-feu, une segmentation du r\u00e9seau et des contr\u00f4les d'acc\u00e8s.<\/p>\n<\/li>\n<li data-start=\"2165\" data-end=\"2212\">\n<p data-start=\"2167\" data-end=\"2212\">Les donn\u00e9es sont isol\u00e9es logiquement entre les clients.<\/p>\n<\/li>\n<\/ul>\n<hr data-start=\"2214\" data-end=\"2217\" \/>\n<h2 data-start=\"2219\" data-end=\"2239\">3. Contr\u00f4le d'acc\u00e8s<\/h2>\n<ul data-start=\"2241\" data-end=\"2528\">\n<li data-start=\"2241\" data-end=\"2315\">\n<p data-start=\"2243\" data-end=\"2315\">L'acc\u00e8s aux syst\u00e8mes de production est r\u00e9serv\u00e9 au personnel autoris\u00e9.<\/p>\n<\/li>\n<li data-start=\"2316\" data-end=\"2363\">\n<p data-start=\"2318\" data-end=\"2363\">Le contr\u00f4le d'acc\u00e8s bas\u00e9 sur les r\u00f4les (RBAC) est appliqu\u00e9.<\/p>\n<\/li>\n<li data-start=\"2364\" data-end=\"2428\">\n<p data-start=\"2366\" data-end=\"2428\">L'authentification multifactorielle (MFA) est requise lorsqu'elle est prise en charge.<\/p>\n<\/li>\n<li data-start=\"2429\" data-end=\"2528\">\n<p data-start=\"2431\" data-end=\"2528\">Les droits d'acc\u00e8s sont revus p\u00e9riodiquement et r\u00e9voqu\u00e9s imm\u00e9diatement en cas de changement de r\u00f4le ou de cessation d'activit\u00e9.<\/p>\n<\/li>\n<\/ul>\n<hr data-start=\"2530\" data-end=\"2533\" \/>\n<h2 data-start=\"2535\" data-end=\"2556\">4. Cryptage des donn\u00e9es<\/h2>\n<ul data-start=\"2558\" data-end=\"2794\">\n<li data-start=\"2558\" data-end=\"2611\">\n<p data-start=\"2560\" data-end=\"2611\">Les donn\u00e9es sont crypt\u00e9es <strong data-start=\"2578\" data-end=\"2592\">en transit<\/strong> en utilisant TLS (HTTPS).<\/p>\n<\/li>\n<li data-start=\"2612\" data-end=\"2717\">\n<p data-start=\"2614\" data-end=\"2717\">Les donn\u00e9es sensibles sont crypt\u00e9es <strong data-start=\"2642\" data-end=\"2653\">au repos<\/strong> en utilisant, le cas \u00e9ch\u00e9ant, des algorithmes de cryptage conformes aux normes industrielles.<\/p>\n<\/li>\n<li data-start=\"2718\" data-end=\"2794\">\n<p data-start=\"2720\" data-end=\"2794\">Les informations d'identification et les secrets sont stock\u00e9s en toute s\u00e9curit\u00e9 et ne sont jamais enregistr\u00e9s en clair.<\/p>\n<\/li>\n<\/ul>\n<hr data-start=\"2796\" data-end=\"2799\" \/>\n<h2 data-start=\"2801\" data-end=\"2832\">5. Protection des donn\u00e9es et de la vie priv\u00e9e<\/h2>\n<ul data-start=\"2834\" data-end=\"3089\">\n<li data-start=\"2834\" data-end=\"2954\">\n<p data-start=\"2836\" data-end=\"2954\">TradeGoAI traite les donn\u00e9es personnelles conform\u00e9ment aux lois applicables en mati\u00e8re de protection des donn\u00e9es, y compris le GDPR le cas \u00e9ch\u00e9ant.<\/p>\n<\/li>\n<li data-start=\"2955\" data-end=\"3023\">\n<p data-start=\"2957\" data-end=\"3023\">Nous ne recueillons que les donn\u00e9es minimales n\u00e9cessaires \u00e0 la fourniture du service.<\/p>\n<\/li>\n<li data-start=\"3024\" data-end=\"3089\">\n<p data-start=\"3026\" data-end=\"3089\">Les donn\u00e9es des clients ne sont jamais vendues ou partag\u00e9es \u00e0 des fins publicitaires.<\/p>\n<\/li>\n<\/ul>\n<p data-start=\"3091\" data-end=\"3141\">Pour plus de d\u00e9tails, veuillez consulter notre <strong data-start=\"3122\" data-end=\"3140\">Politique de confidentialit\u00e9<\/strong>.<\/p>\n<hr data-start=\"3143\" data-end=\"3146\" \/>\n<h2 data-start=\"3148\" data-end=\"3179\">6. Conservation et suppression des donn\u00e9es<\/h2>\n<ul data-start=\"3181\" data-end=\"3493\">\n<li data-start=\"3181\" data-end=\"3290\">\n<p data-start=\"3183\" data-end=\"3290\">Les donn\u00e9es \u00e0 caract\u00e8re personnel ne sont conserv\u00e9es que le temps n\u00e9cessaire \u00e0 la r\u00e9alisation des objectifs contractuels, l\u00e9gaux ou op\u00e9rationnels.<\/p>\n<\/li>\n<li data-start=\"3291\" data-end=\"3370\">\n<p data-start=\"3293\" data-end=\"3370\">Les utilisateurs peuvent demander la suppression de leurs donn\u00e9es en contactant <a class=\"decorated-link cursor-pointer\" rel=\"noopener\" data-start=\"3348\" data-end=\"3369\">support@tradegoai.app<\/a>.<\/p>\n<\/li>\n<li data-start=\"3371\" data-end=\"3493\">\n<p data-start=\"3373\" data-end=\"3493\">En cas de r\u00e9siliation du compte, les donn\u00e9es sont supprim\u00e9es ou rendues anonymes dans un d\u00e9lai raisonnable, sauf obligation l\u00e9gale contraire.<\/p>\n<\/li>\n<\/ul>\n<hr data-start=\"3495\" data-end=\"3498\" \/>\n<h2 data-start=\"3500\" data-end=\"3523\">7. R\u00e9ponse aux incidents<\/h2>\n<p data-start=\"3525\" data-end=\"3621\">Nous avons mis en place un processus de r\u00e9ponse aux incidents afin de d\u00e9tecter les incidents de s\u00e9curit\u00e9, d'y r\u00e9pondre et d'en att\u00e9nuer les effets.<\/p>\n<p data-start=\"3623\" data-end=\"3663\">En cas de violation confirm\u00e9e des donn\u00e9es :<\/p>\n<ul data-start=\"3664\" data-end=\"3819\">\n<li data-start=\"3664\" data-end=\"3695\">\n<p data-start=\"3666\" data-end=\"3695\">Nous enqu\u00eaterons rapidement.<\/p>\n<\/li>\n<li data-start=\"3696\" data-end=\"3772\">\n<p data-start=\"3698\" data-end=\"3772\">Les utilisateurs concern\u00e9s seront inform\u00e9s sans d\u00e9lai excessif lorsque la loi l'exige.<\/p>\n<\/li>\n<li data-start=\"3773\" data-end=\"3819\">\n<p data-start=\"3775\" data-end=\"3819\">Des mesures correctives appropri\u00e9es seront prises.<\/p>\n<\/li>\n<\/ul>\n<hr data-start=\"3821\" data-end=\"3824\" \/>\n<h2 data-start=\"3826\" data-end=\"3871\">8. Continuit\u00e9 des activit\u00e9s et reprise apr\u00e8s sinistre<\/h2>\n<ul data-start=\"3873\" data-end=\"4102\">\n<li data-start=\"3873\" data-end=\"3933\">\n<p data-start=\"3875\" data-end=\"3933\">Des sauvegardes r\u00e9guli\u00e8res sont effectu\u00e9es pour garantir la disponibilit\u00e9 des donn\u00e9es.<\/p>\n<\/li>\n<li data-start=\"3934\" data-end=\"3988\">\n<p data-start=\"3936\" data-end=\"3988\">Les sauvegardes sont stock\u00e9es en toute s\u00e9curit\u00e9 et test\u00e9es p\u00e9riodiquement.<\/p>\n<\/li>\n<li data-start=\"3989\" data-end=\"4102\">\n<p data-start=\"3991\" data-end=\"4102\">Nous maintenons des proc\u00e9dures de reprise apr\u00e8s sinistre con\u00e7ues pour r\u00e9tablir le service en cas de d\u00e9faillance ou d'interruption du syst\u00e8me.<\/p>\n<\/li>\n<\/ul>\n<hr data-start=\"4104\" data-end=\"4107\" \/>\n<h2 data-start=\"4109\" data-end=\"4148\">9. Gestion des fournisseurs et des sous-traitants<\/h2>\n<ul data-start=\"4150\" data-end=\"4388\">\n<li data-start=\"4150\" data-end=\"4200\">\n<p data-start=\"4152\" data-end=\"4200\">Nous ne travaillons qu'avec des fournisseurs tiers r\u00e9put\u00e9s.<\/p>\n<\/li>\n<li data-start=\"4201\" data-end=\"4310\">\n<p data-start=\"4203\" data-end=\"4310\">Les fournisseurs ayant acc\u00e8s aux donn\u00e9es des clients sont contractuellement tenus de mettre en \u0153uvre des mesures de s\u00e9curit\u00e9 appropri\u00e9es.<\/p>\n<\/li>\n<li data-start=\"4311\" data-end=\"4388\">\n<p data-start=\"4313\" data-end=\"4388\">Une liste des sous-traitants secondaires est disponible sur demande ou publi\u00e9e s\u00e9par\u00e9ment.<\/p>\n<\/li>\n<\/ul>\n<hr data-start=\"4390\" data-end=\"4393\" \/>\n<h2 data-start=\"4395\" data-end=\"4430\">10. S\u00e9curit\u00e9 et formation des employ\u00e9s<\/h2>\n<ul data-start=\"4432\" data-end=\"4667\">\n<li data-start=\"4432\" data-end=\"4521\">\n<p data-start=\"4434\" data-end=\"4521\">Tous les membres de l'\u00e9quipe sont tenus de respecter les politiques internes en mati\u00e8re de s\u00e9curit\u00e9 et de confidentialit\u00e9.<\/p>\n<\/li>\n<li data-start=\"4522\" data-end=\"4586\">\n<p data-start=\"4524\" data-end=\"4586\">L'acc\u00e8s aux syst\u00e8mes sensibles est accord\u00e9 en fonction de la n\u00e9cessit\u00e9 du travail.<\/p>\n<\/li>\n<li data-start=\"4587\" data-end=\"4667\">\n<p data-start=\"4589\" data-end=\"4667\">L'accent est mis sur la sensibilisation \u00e0 la s\u00e9curit\u00e9 dans le cadre de l'int\u00e9gration et des op\u00e9rations en cours.<\/p>\n<\/li>\n<\/ul>\n<hr data-start=\"4669\" data-end=\"4672\" \/>\n<h2 data-start=\"4674\" data-end=\"4691\">11. Conformit\u00e9<\/h2>\n<p data-start=\"4693\" data-end=\"4796\">TradeGoAI aligne ses pratiques de s\u00e9curit\u00e9 sur les cadres et r\u00e9glementations commun\u00e9ment reconnus, notamment<\/p>\n<ul data-start=\"4798\" data-end=\"4898\">\n<li data-start=\"4798\" data-end=\"4841\">\n<p data-start=\"4800\" data-end=\"4841\">R\u00e8glement g\u00e9n\u00e9ral sur la protection des donn\u00e9es (RGPD)<\/p>\n<\/li>\n<li data-start=\"4842\" data-end=\"4898\">\n<p data-start=\"4844\" data-end=\"4898\">Contr\u00f4les de s\u00e9curit\u00e9 normalis\u00e9s pour les plateformes SaaS<\/p>\n<\/li>\n<\/ul>\n<p data-start=\"4900\" data-end=\"4976\">Des certifications formelles (telles que SOC 2) peuvent \u00eatre obtenues au fur et \u00e0 mesure de l'\u00e9volution de la plate-forme.<\/p>\n<hr data-start=\"4978\" data-end=\"4981\" \/>\n<h2 data-start=\"4983\" data-end=\"5012\">12. Divulgation responsable<\/h2>\n<p data-start=\"5014\" data-end=\"5116\">Si vous pensez avoir d\u00e9couvert une faille de s\u00e9curit\u00e9, signalez-la de mani\u00e8re responsable en envoyant un courriel :<\/p>\n<p data-start=\"5118\" data-end=\"5176\">\ud83d\udce7 <strong data-start=\"5121\" data-end=\"5147\"><a class=\"decorated-link cursor-pointer\" rel=\"noopener\" data-start=\"5123\" data-end=\"5145\">security@tradegoai.app<\/a><\/strong><br data-start=\"5147\" data-end=\"5150\" \/>(ou <a class=\"decorated-link cursor-pointer\" rel=\"noopener\" data-start=\"5154\" data-end=\"5175\">support@tradegoai.app<\/a>)<\/p>\n<p data-start=\"5178\" data-end=\"5245\">Nous appr\u00e9cions la divulgation responsable et nous enqu\u00eaterons rapidement.<\/p>\n<hr data-start=\"5247\" data-end=\"5250\" \/>\n<h2 data-start=\"5252\" data-end=\"5279\">13. Mises \u00e0 jour de cette page<\/h2>\n<p data-start=\"5281\" data-end=\"5432\">Nous pouvons mettre \u00e0 jour cette page sur la s\u00e9curit\u00e9 de temps \u00e0 autre pour refl\u00e9ter les changements dans nos pratiques ou les exigences r\u00e9glementaires. Les mises \u00e0 jour seront publi\u00e9es sur cette page.<\/p>\n<hr data-start=\"5434\" data-end=\"5437\" \/>\n<h2 data-start=\"5439\" data-end=\"5449\">Contact<\/h2>\n<p data-start=\"5451\" data-end=\"5498\">Pour toute question relative \u00e0 la s\u00e9curit\u00e9, veuillez contacter<\/p>\n<p data-start=\"5500\" data-end=\"5556\"><strong data-start=\"5500\" data-end=\"5527\">L'\u00e9quipe de s\u00e9curit\u00e9 de TradeGoAI<\/strong><br data-start=\"5527\" data-end=\"5530\" \/>\ud83d\udce7 <a class=\"decorated-link cursor-pointer\" rel=\"noopener\" data-start=\"5533\" data-end=\"5554\">support@tradegoai.app<\/a><\/p>\n<p data-start=\"5558\" data-end=\"5622\">Op\u00e9r\u00e9 par <strong data-start=\"5570\" data-end=\"5584\">POPHAW LLC<\/strong><br data-start=\"5584\" data-end=\"5587\" \/>Wilmington, Delaware, \u00c9tats-Unis<\/p>\n<p data-start=\"5558\" data-end=\"5622\">","protected":false},"excerpt":{"rendered":"<p>TradeGoAI (\u201cwe\u201d, \u201cour\u201d, or \u201cus\u201d) is committed to protecting the confidentiality, integrity, and availability of customer data. This Security page outlines our security practices, controls, and organizational measures designed to safeguard information processed through our platform. 1. Our [&hellip;]<\/p>\n","protected":false},"author":2,"featured_media":0,"parent":0,"menu_order":0,"comment_status":"closed","ping_status":"closed","template":"","meta":{"_uag_custom_page_level_css":"","site-sidebar-layout":"default","site-content-layout":"","ast-site-content-layout":"default","site-content-style":"default","site-sidebar-style":"default","ast-global-header-display":"","ast-banner-title-visibility":"","ast-main-header-display":"","ast-hfb-above-header-display":"","ast-hfb-below-header-display":"","ast-hfb-mobile-header-display":"","site-post-title":"","ast-breadcrumbs-content":"","ast-featured-img":"","footer-sml-layout":"","ast-disable-related-posts":"","theme-transparent-header-meta":"default","adv-header-id-meta":"","stick-header-meta":"default","header-above-stick-meta":"","header-main-stick-meta":"","header-below-stick-meta":"","astra-migrate-meta-layouts":"set","ast-page-background-enabled":"default","ast-page-background-meta":{"desktop":{"background-color":"var(--ast-global-color-4)","background-image":"","background-repeat":"repeat","background-position":"center center","background-size":"auto","background-attachment":"scroll","background-type":"","background-media":"","overlay-type":"","overlay-color":"","overlay-opacity":"","overlay-gradient":""},"tablet":{"background-color":"","background-image":"","background-repeat":"repeat","background-position":"center center","background-size":"auto","background-attachment":"scroll","background-type":"","background-media":"","overlay-type":"","overlay-color":"","overlay-opacity":"","overlay-gradient":""},"mobile":{"background-color":"","background-image":"","background-repeat":"repeat","background-position":"center center","background-size":"auto","background-attachment":"scroll","background-type":"","background-media":"","overlay-type":"","overlay-color":"","overlay-opacity":"","overlay-gradient":""}},"ast-content-background-meta":{"desktop":{"background-color":"var(--ast-global-color-5)","background-image":"","background-repeat":"repeat","background-position":"center center","background-size":"auto","background-attachment":"scroll","background-type":"","background-media":"","overlay-type":"","overlay-color":"","overlay-opacity":"","overlay-gradient":""},"tablet":{"background-color":"var(--ast-global-color-5)","background-image":"","background-repeat":"repeat","background-position":"center center","background-size":"auto","background-attachment":"scroll","background-type":"","background-media":"","overlay-type":"","overlay-color":"","overlay-opacity":"","overlay-gradient":""},"mobile":{"background-color":"var(--ast-global-color-5)","background-image":"","background-repeat":"repeat","background-position":"center center","background-size":"auto","background-attachment":"scroll","background-type":"","background-media":"","overlay-type":"","overlay-color":"","overlay-opacity":"","overlay-gradient":""}},"spectra_gs_classes":"[\"\"]","footnotes":""},"class_list":["post-2131","page","type-page","status-publish","hentry"],"spectra_custom_meta":{"_edit_lock":["1775628305:2"],"_edit_last":["2"],"site-sidebar-layout":["default"],"ast-site-content-layout":["default"],"site-content-style":["default"],"site-sidebar-style":["default"],"theme-transparent-header-meta":["default"],"stick-header-meta":["default"],"astra-migrate-meta-layouts":["set"],"spectra_gs_classes":["[\"\"]"],"wp_statistics_words_count":["536"],"_uag_page_assets":["a:9:{s:3:\"css\";s:4963:\".uag-blocks-common-selector{z-index:var(--z-index-desktop) !important}@media (max-width: 976px){.uag-blocks-common-selector{z-index:var(--z-index-tablet) !important}}@media (max-width: 767px){.uag-blocks-common-selector{z-index:var(--z-index-mobile) !important}}\n.uagb-icon-list__wrap{display:flex;align-items:flex-start;justify-content:flex-start}.wp-block-uagb-icon-list-child{padding:0;transition:all 0.2s;display:inline-flex;color:#3a3a3a;align-items:center;text-decoration:none;box-shadow:none}.wp-block-uagb-icon-list-child span.uagb-icon-list__source-wrap{display:block;align-items:center}.uagb-icon-list__source-wrap svg{display:block}.uagb-icon-list__source-image{width:40px}.uagb-icon-list__outer-wrap .uagb-icon-list__content-wrap{color:#3a3a3a;display:flex;align-items:center}\n.wp-block-uagb-icon-list-child{position:relative}.wp-block-uagb-icon-list-child>a{position:absolute;top:0;left:0;width:100%;height:100%}img.uagb-icon-list__source-image{max-width:unset}.wp-block-uagb-icon-list-child .uagb-icon-list__label{word-break:break-word}\n.wp-block-uagb-icon-list.uagb-block-b5768981 .uagb-icon-list__source-image{width: 16px;}.wp-block-uagb-icon-list.uagb-block-b5768981 .wp-block-uagb-icon-list-child .uagb-icon-list__source-wrap svg{width: 16px;height: 16px;font-size: 16px;}.wp-block-uagb-icon-list.uagb-block-b5768981 .wp-block-uagb-icon-list-child .uagb-icon-list__source-wrap{padding: 0px;border-radius: 0px;border-width: 0px;align-self: center;}.wp-block-uagb-icon-list.uagb-block-b5768981 .wp-block-uagb-icon-list-child .uagb-icon-list__label{text-decoration: !important;font-weight: 600;line-height: em;}.wp-block-uagb-icon-list.uagb-block-b5768981 .uagb-icon-list__wrap{display: flex;flex-direction: column;justify-content: center;-webkit-box-pack: center;-ms-flex-pack: center;-webkit-box-align: flex-start;-ms-flex-align: flex-start;align-items: flex-start;margin-top: 30px;margin-right: 0px;margin-bottom: 0px;margin-left: 0px;padding-top: 0px;padding-right: 0px;padding-bottom: 0px;padding-left: 0px;}.wp-block-uagb-icon-list.uagb-block-b5768981 .uagb-icon-list__label{text-align: left;}.wp-block-uagb-icon-list.uagb-block-b5768981 .wp-block-uagb-icon-list-child{text-decoration: !important;font-weight: 600;line-height: em;}.wp-block-uagb-icon-list.uagb-block-b5768981.wp-block-uagb-icon-list .wp-block-uagb-icon-list-child{margin-left: 0;margin-right: 0;margin-bottom: 10px;}.wp-block-uagb-icon-list.uagb-block-b5768981 .uagb-icon-list__source-wrap{margin-right: 15px;}.uagb-block-75fa870d.wp-block-uagb-icon-list-child .uagb-icon-list__source-wrap{background:  !important;border-color:  !important;}.uagb-block-75fa870d.wp-block-uagb-icon-list-child:hover .uagb-icon-list__source-wrap{background:  !important;border-color:  !important;}.uagb-block-5bf81fd2.wp-block-uagb-icon-list-child .uagb-icon-list__source-wrap{background:  !important;border-color:  !important;}.uagb-block-5bf81fd2.wp-block-uagb-icon-list-child:hover .uagb-icon-list__source-wrap{background:  !important;border-color:  !important;}@media only screen and (max-width: 976px) {.wp-block-uagb-icon-list.uagb-block-b5768981 .uagb-icon-list__source-image{width: 16px;}.wp-block-uagb-icon-list.uagb-block-b5768981 .wp-block-uagb-icon-list-child .uagb-icon-list__source-wrap svg{width: 16px;height: 16px;font-size: 16px;}.wp-block-uagb-icon-list.uagb-block-b5768981 .wp-block-uagb-icon-list-child .uagb-icon-list__source-wrap {padding: 0px;border-width: 0px;align-self: center;}.wp-block-uagb-icon-list.uagb-block-b5768981 .uagb-icon-list__wrap{display: flex;flex-direction: column;justify-content: center;-webkit-box-pack: center;-ms-flex-pack: center;-webkit-box-align: flex-start;-ms-flex-align: flex-start;align-items: flex-start;}.wp-block-uagb-icon-list.uagb-block-b5768981 .uagb-icon-list__label{text-align: left;}.wp-block-uagb-icon-list.uagb-block-b5768981.wp-block-uagb-icon-list .wp-block-uagb-icon-list-child{margin-left: 0;margin-right: 0;margin-bottom: 10px;}}@media only screen and (max-width: 767px) {.wp-block-uagb-icon-list.uagb-block-b5768981 .uagb-icon-list__source-image{width: 16px;}.wp-block-uagb-icon-list.uagb-block-b5768981 .uagb-icon-list__label{text-align: center;}.wp-block-uagb-icon-list.uagb-block-b5768981 .wp-block-uagb-icon-list-child .uagb-icon-list__source-wrap svg{width: 16px;height: 16px;font-size: 16px;}.wp-block-uagb-icon-list.uagb-block-b5768981 .wp-block-uagb-icon-list-child .uagb-icon-list__source-wrap{padding: 0px;border-width: 0px;align-self: center;}.wp-block-uagb-icon-list.uagb-block-b5768981 .uagb-icon-list__wrap{display: flex;flex-direction: column;justify-content: center;-webkit-box-pack: center;-ms-flex-pack: center;-webkit-box-align: center;-ms-flex-align: center;align-items: center;margin-top: 0px;margin-right: 0px;margin-bottom: 0px;margin-left: 0px;}.wp-block-uagb-icon-list.uagb-block-b5768981.wp-block-uagb-icon-list .wp-block-uagb-icon-list-child{margin-left: 0;margin-right: 0;margin-bottom: 10px;}}\";s:2:\"js\";s:0:\"\";s:18:\"current_block_list\";a:10:{i:0;s:11:\"core\/search\";i:1;s:10:\"core\/group\";i:2;s:12:\"core\/heading\";i:3;s:17:\"core\/latest-posts\";i:4;s:20:\"core\/latest-comments\";i:5;s:13:\"core\/archives\";i:6;s:15:\"core\/categories\";i:7;s:14:\"uagb\/icon-list\";i:8;s:20:\"uagb\/icon-list-child\";i:9;s:14:\"core\/shortcode\";}s:8:\"uag_flag\";b:1;s:11:\"uag_version\";s:10:\"1778000948\";s:6:\"gfonts\";a:0:{}s:10:\"gfonts_url\";s:0:\"\";s:12:\"gfonts_files\";a:0:{}s:14:\"uag_faq_layout\";b:0;}"],"_uag_css_file_name":["uag-css-2131.css"]},"uagb_featured_image_src":{"full":false,"thumbnail":false,"medium":false,"medium_large":false,"large":false,"1536x1536":false,"2048x2048":false,"trp-custom-language-flag":false},"uagb_author_info":{"display_name":"xiaoxi99201","author_link":"https:\/\/tradegoai.app\/fr\/author\/xiaoxi99201\/"},"uagb_comment_info":0,"uagb_excerpt":"TradeGoAI (\u201cwe\u201d, \u201cour\u201d, or \u201cus\u201d) is committed to protecting the confidentiality, integrity, and availability of customer data. This Security page outlines our security practices, controls, and organizational measures designed to safeguard information processed through our platform. 1. Our [&hellip;]","_links":{"self":[{"href":"https:\/\/tradegoai.app\/fr\/wp-json\/wp\/v2\/pages\/2131","targetHints":{"allow":["GET"]}}],"collection":[{"href":"https:\/\/tradegoai.app\/fr\/wp-json\/wp\/v2\/pages"}],"about":[{"href":"https:\/\/tradegoai.app\/fr\/wp-json\/wp\/v2\/types\/page"}],"author":[{"embeddable":true,"href":"https:\/\/tradegoai.app\/fr\/wp-json\/wp\/v2\/users\/2"}],"replies":[{"embeddable":true,"href":"https:\/\/tradegoai.app\/fr\/wp-json\/wp\/v2\/comments?post=2131"}],"version-history":[{"count":1,"href":"https:\/\/tradegoai.app\/fr\/wp-json\/wp\/v2\/pages\/2131\/revisions"}],"predecessor-version":[{"id":2297,"href":"https:\/\/tradegoai.app\/fr\/wp-json\/wp\/v2\/pages\/2131\/revisions\/2297"}],"wp:attachment":[{"href":"https:\/\/tradegoai.app\/fr\/wp-json\/wp\/v2\/media?parent=2131"}],"curies":[{"name":"wp","href":"https:\/\/api.w.org\/{rel}","templated":true}]}}